{"id":388,"date":"2024-07-13T18:45:19","date_gmt":"2024-07-13T15:45:19","guid":{"rendered":"https:\/\/trendinguzeli.com\/ikinciel\/?page_id=388"},"modified":"2024-07-23T15:16:51","modified_gmt":"2024-07-23T12:16:51","slug":"iletisim","status":"publish","type":"page","link":"https:\/\/trendinguzeli.com\/ikinciel\/iletisim\/","title":{"rendered":"ileti\u015fim"},"content":{"rendered":"<p><img loading=\"lazy\" decoding=\"async\" class=\"aligncenter size-full wp-image-389\" src=\"https:\/\/trendinguzeli.com\/ikinciel\/wp-content\/uploads\/2024\/07\/iletisim1.jpg\" alt=\"\" width=\"800\" height=\"500\" title=\"\" srcset=\"https:\/\/trendinguzeli.com\/ikinciel\/wp-content\/uploads\/2024\/07\/iletisim1.jpg 800w, https:\/\/trendinguzeli.com\/ikinciel\/wp-content\/uploads\/2024\/07\/iletisim1-300x188.jpg 300w, https:\/\/trendinguzeli.com\/ikinciel\/wp-content\/uploads\/2024\/07\/iletisim1-768x480.jpg 768w, https:\/\/trendinguzeli.com\/ikinciel\/wp-content\/uploads\/2024\/07\/iletisim1-600x375.jpg 600w\" sizes=\"auto, (max-width: 800px) 100vw, 800px\" \/><\/p>\n<div class=\"woocommerce columns-4 \"><ul class=\"products columns-4\">\n<li class=\"product type-product post-564 status-publish first instock product_cat-ikinci-el-esya has-post-thumbnail shipping-taxable product-type-simple\">\n\t<a href=\"https:\/\/trendinguzeli.com\/ikinciel\/urun\/2-el-kanatli-villa-tipi-celik-kapi-saglam-kasasiyla-birlikte-satiliktir\/\" class=\"woocommerce-LoopProduct-link woocommerce-loop-product__link\"><img loading=\"lazy\" decoding=\"async\" width=\"300\" height=\"300\" src=\"https:\/\/trendinguzeli.com\/ikinciel\/wp-content\/uploads\/2025\/12\/2.el-kanatli-villa-tipi-celik-kapi-1-300x300.png\" class=\"attachment-woocommerce_thumbnail size-woocommerce_thumbnail\" alt=\"2.el kanatl\u0131 villa tipi \u00e7elik kap\u0131 sa\u011flam kasas\u0131yla birlikte sat\u0131l\u0131kt\u0131r\" srcset=\"https:\/\/trendinguzeli.com\/ikinciel\/wp-content\/uploads\/2025\/12\/2.el-kanatli-villa-tipi-celik-kapi-1-300x300.png 300w, https:\/\/trendinguzeli.com\/ikinciel\/wp-content\/uploads\/2025\/12\/2.el-kanatli-villa-tipi-celik-kapi-1-150x150.png 150w, https:\/\/trendinguzeli.com\/ikinciel\/wp-content\/uploads\/2025\/12\/2.el-kanatli-villa-tipi-celik-kapi-1-100x100.png 100w\" sizes=\"auto, (max-width: 300px) 100vw, 300px\" title=\"\"><h2 class=\"woocommerce-loop-product__title\">2.el kanatl\u0131 villa tipi \u00e7elik kap\u0131 sa\u011flam kasas\u0131yla birlikte sat\u0131l\u0131kt\u0131r<\/h2>\n<div class=\"archive-product-categories text-center\"><a href=\"https:\/\/trendinguzeli.com\/ikinciel\/urun-kategori\/ikinci-el-esya\/\" rel=\"tag\">ikinci el e\u015fya<\/a><\/div><\/a><a href=\"https:\/\/trendinguzeli.com\/ikinciel\/urun\/2-el-kanatli-villa-tipi-celik-kapi-saglam-kasasiyla-birlikte-satiliktir\/\" aria-describedby=\"woocommerce_loop_add_to_cart_link_describedby_564\" data-quantity=\"1\" class=\"button product_type_simple\" data-product_id=\"564\" data-product_sku=\"\" aria-label=\"&ldquo;2.el kanatl\u0131 villa tipi \u00e7elik kap\u0131 sa\u011flam kasas\u0131yla birlikte sat\u0131l\u0131kt\u0131r&rdquo; hakk\u0131nda daha fazla bilgi edinin\" rel=\"nofollow\" data-success_message=\"\">Devam\u0131n\u0131 oku<\/a>\t<span id=\"woocommerce_loop_add_to_cart_link_describedby_564\" class=\"screen-reader-text\">\n\t\t\t<\/span>\n<\/li>\n<li class=\"product type-product post-551 status-publish instock product_cat-ikinci-el-esya has-post-thumbnail sale shipping-taxable purchasable product-type-simple\">\n\t<a href=\"https:\/\/trendinguzeli.com\/ikinciel\/urun\/5-aylik-kursun-gecirmez-saglam-celik-kapi\/\" class=\"woocommerce-LoopProduct-link woocommerce-loop-product__link\">\n\t<span class=\"onsale\">\u0130ndirim!<\/span>\n\t<img loading=\"lazy\" decoding=\"async\" width=\"300\" height=\"300\" src=\"https:\/\/trendinguzeli.com\/ikinciel\/wp-content\/uploads\/2025\/08\/KURSUN-GECIRMEZ-SAGLAM-CELIK-KAPI-1-300x300.png\" class=\"attachment-woocommerce_thumbnail size-woocommerce_thumbnail\" alt=\"5 AYLIK KUR\u015eUN GE\u00c7\u0130RMEZ SA\u011eLAM \u00c7EL\u0130K KAPI\" srcset=\"https:\/\/trendinguzeli.com\/ikinciel\/wp-content\/uploads\/2025\/08\/KURSUN-GECIRMEZ-SAGLAM-CELIK-KAPI-1-300x300.png 300w, https:\/\/trendinguzeli.com\/ikinciel\/wp-content\/uploads\/2025\/08\/KURSUN-GECIRMEZ-SAGLAM-CELIK-KAPI-1-150x150.png 150w, https:\/\/trendinguzeli.com\/ikinciel\/wp-content\/uploads\/2025\/08\/KURSUN-GECIRMEZ-SAGLAM-CELIK-KAPI-1-100x100.png 100w\" sizes=\"auto, (max-width: 300px) 100vw, 300px\" title=\"\"><h2 class=\"woocommerce-loop-product__title\">5 AYLIK KUR\u015eUN GE\u00c7\u0130RMEZ SA\u011eLAM \u00c7EL\u0130K KAPI<\/h2>\n\t<span class=\"price\"><del aria-hidden=\"true\"><span class=\"woocommerce-Price-amount amount\"><bdi><span class=\"woocommerce-Price-currencySymbol\">&#8378;<\/span>65,000.00<\/bdi><\/span><\/del> <span class=\"screen-reader-text\">Orijinal fiyat: &#8378;65,000.00.<\/span><ins aria-hidden=\"true\"><span class=\"woocommerce-Price-amount amount\"><bdi><span class=\"woocommerce-Price-currencySymbol\">&#8378;<\/span>60,000.00<\/bdi><\/span><\/ins><span class=\"screen-reader-text\">\u015eu andaki fiyat: &#8378;60,000.00.<\/span><\/span>\n<div class=\"archive-product-categories text-center\"><a href=\"https:\/\/trendinguzeli.com\/ikinciel\/urun-kategori\/ikinci-el-esya\/\" rel=\"tag\">ikinci el e\u015fya<\/a><\/div><\/a><a href=\"\/ikinciel\/wp-json\/wp\/v2\/pages\/388?add-to-cart=551\" aria-describedby=\"woocommerce_loop_add_to_cart_link_describedby_551\" data-quantity=\"1\" class=\"button product_type_simple add_to_cart_button ajax_add_to_cart\" data-product_id=\"551\" data-product_sku=\"\" aria-label=\"Sepete ekle: \u201c5 AYLIK KUR\u015eUN GE\u00c7\u0130RMEZ SA\u011eLAM \u00c7EL\u0130K KAPI\u201d\" rel=\"nofollow\" data-success_message=\"&quot;5 AYLIK KUR\u015eUN GE\u00c7\u0130RMEZ SA\u011eLAM \u00c7EL\u0130K KAPI&quot; sepetinize eklendi\" role=\"button\">Sepete Ekle<\/a>\t<span id=\"woocommerce_loop_add_to_cart_link_describedby_551\" class=\"screen-reader-text\">\n\t\t\t<\/span>\n<\/li>\n<li class=\"product type-product post-445 status-publish instock product_cat-ikinci-el-beyaz-esya has-post-thumbnail sale shipping-taxable purchasable product-type-simple\">\n\t<a href=\"https:\/\/trendinguzeli.com\/ikinciel\/urun\/beko-firin-ocak-saglam-satilik\/\" class=\"woocommerce-LoopProduct-link woocommerce-loop-product__link\">\n\t<span class=\"onsale\">\u0130ndirim!<\/span>\n\t<img loading=\"lazy\" decoding=\"async\" width=\"300\" height=\"300\" src=\"https:\/\/trendinguzeli.com\/ikinciel\/wp-content\/uploads\/2024\/07\/Beko-firin-ocak-2-300x300.png\" class=\"attachment-woocommerce_thumbnail size-woocommerce_thumbnail\" alt=\"Beko f\u0131r\u0131n ocak sa\u011flam sat\u0131l\u0131k\" srcset=\"https:\/\/trendinguzeli.com\/ikinciel\/wp-content\/uploads\/2024\/07\/Beko-firin-ocak-2-300x300.png 300w, https:\/\/trendinguzeli.com\/ikinciel\/wp-content\/uploads\/2024\/07\/Beko-firin-ocak-2-150x150.png 150w, https:\/\/trendinguzeli.com\/ikinciel\/wp-content\/uploads\/2024\/07\/Beko-firin-ocak-2-100x100.png 100w\" sizes=\"auto, (max-width: 300px) 100vw, 300px\" title=\"\"><h2 class=\"woocommerce-loop-product__title\">Beko f\u0131r\u0131n ocak sa\u011flam sat\u0131l\u0131k<\/h2>\n\t<span class=\"price\"><del aria-hidden=\"true\"><span class=\"woocommerce-Price-amount amount\"><bdi><span class=\"woocommerce-Price-currencySymbol\">&#8378;<\/span>4,500.00<\/bdi><\/span><\/del> <span class=\"screen-reader-text\">Orijinal fiyat: &#8378;4,500.00.<\/span><ins aria-hidden=\"true\"><span class=\"woocommerce-Price-amount amount\"><bdi><span class=\"woocommerce-Price-currencySymbol\">&#8378;<\/span>4,000.00<\/bdi><\/span><\/ins><span class=\"screen-reader-text\">\u015eu andaki fiyat: &#8378;4,000.00.<\/span><\/span>\n<div class=\"archive-product-categories text-center\"><a href=\"https:\/\/trendinguzeli.com\/ikinciel\/urun-kategori\/ikinci-el-beyaz-esya\/\" rel=\"tag\">ikinci el beyaz e\u015fya<\/a><\/div><\/a><a href=\"\/ikinciel\/wp-json\/wp\/v2\/pages\/388?add-to-cart=445\" aria-describedby=\"woocommerce_loop_add_to_cart_link_describedby_445\" data-quantity=\"1\" class=\"button product_type_simple add_to_cart_button ajax_add_to_cart\" data-product_id=\"445\" data-product_sku=\"\" aria-label=\"Sepete ekle: \u201cBeko f\u0131r\u0131n ocak sa\u011flam sat\u0131l\u0131k\u201d\" rel=\"nofollow\" data-success_message=\"&quot;Beko f\u0131r\u0131n ocak sa\u011flam sat\u0131l\u0131k&quot; sepetinize eklendi\" role=\"button\">Sepete Ekle<\/a>\t<span id=\"woocommerce_loop_add_to_cart_link_describedby_445\" class=\"screen-reader-text\">\n\t\t\t<\/span>\n<\/li>\n<li class=\"product type-product post-426 status-publish last instock product_cat-ikinci-el-esya has-post-thumbnail sale shipping-taxable purchasable product-type-simple\">\n\t<a href=\"https:\/\/trendinguzeli.com\/ikinciel\/urun\/cikma-100-adet-beyaz-tas-onduline-eternit-levha-nedir\/\" class=\"woocommerce-LoopProduct-link woocommerce-loop-product__link\">\n\t<span class=\"onsale\">\u0130ndirim!<\/span>\n\t<img loading=\"lazy\" decoding=\"async\" width=\"300\" height=\"300\" src=\"https:\/\/trendinguzeli.com\/ikinciel\/wp-content\/uploads\/2024\/07\/cikma-beyaz-tas-onduline-1-300x300.png\" class=\"attachment-woocommerce_thumbnail size-woocommerce_thumbnail\" alt=\"\u00c7\u0131kma 100 adet beyaz ta\u015f onduline Eternit levha nedir?\" srcset=\"https:\/\/trendinguzeli.com\/ikinciel\/wp-content\/uploads\/2024\/07\/cikma-beyaz-tas-onduline-1-300x300.png 300w, https:\/\/trendinguzeli.com\/ikinciel\/wp-content\/uploads\/2024\/07\/cikma-beyaz-tas-onduline-1-150x150.png 150w, https:\/\/trendinguzeli.com\/ikinciel\/wp-content\/uploads\/2024\/07\/cikma-beyaz-tas-onduline-1-100x100.png 100w\" sizes=\"auto, (max-width: 300px) 100vw, 300px\" title=\"\"><h2 class=\"woocommerce-loop-product__title\">\u00c7\u0131kma 100 adet beyaz ta\u015f onduline Eternit levha nedir?<\/h2>\n\t<span class=\"price\"><del aria-hidden=\"true\"><span class=\"woocommerce-Price-amount amount\"><bdi><span class=\"woocommerce-Price-currencySymbol\">&#8378;<\/span>450.00<\/bdi><\/span><\/del> <span class=\"screen-reader-text\">Orijinal fiyat: &#8378;450.00.<\/span><ins aria-hidden=\"true\"><span class=\"woocommerce-Price-amount amount\"><bdi><span class=\"woocommerce-Price-currencySymbol\">&#8378;<\/span>320.00<\/bdi><\/span><\/ins><span class=\"screen-reader-text\">\u015eu andaki fiyat: &#8378;320.00.<\/span><\/span>\n<div class=\"archive-product-categories text-center\"><a href=\"https:\/\/trendinguzeli.com\/ikinciel\/urun-kategori\/ikinci-el-esya\/\" rel=\"tag\">ikinci el e\u015fya<\/a><\/div><\/a><a href=\"\/ikinciel\/wp-json\/wp\/v2\/pages\/388?add-to-cart=426\" aria-describedby=\"woocommerce_loop_add_to_cart_link_describedby_426\" data-quantity=\"1\" class=\"button product_type_simple add_to_cart_button ajax_add_to_cart\" data-product_id=\"426\" data-product_sku=\"\" aria-label=\"Sepete ekle: \u201c\u00c7\u0131kma 100 adet beyaz ta\u015f onduline Eternit levha nedir?\u201d\" rel=\"nofollow\" data-success_message=\"&quot;\u00c7\u0131kma 100 adet beyaz ta\u015f onduline Eternit levha nedir?&quot; sepetinize eklendi\" role=\"button\">Sepete Ekle<\/a>\t<span id=\"woocommerce_loop_add_to_cart_link_describedby_426\" class=\"screen-reader-text\">\n\t\t\t<\/span>\n<\/li>\n<li class=\"product type-product post-462 status-publish first instock product_cat-ikinci-el-esya has-post-thumbnail sale shipping-taxable purchasable product-type-simple\">\n\t<a href=\"https:\/\/trendinguzeli.com\/ikinciel\/urun\/cikma-demir-profil-farkli-boyutlarda-uretilebilmeleri-sayesinde\/\" class=\"woocommerce-LoopProduct-link woocommerce-loop-product__link\">\n\t<span class=\"onsale\">\u0130ndirim!<\/span>\n\t<img loading=\"lazy\" decoding=\"async\" width=\"300\" height=\"300\" src=\"https:\/\/trendinguzeli.com\/ikinciel\/wp-content\/uploads\/2024\/07\/cikma-demir-profil-2-300x300.png\" class=\"attachment-woocommerce_thumbnail size-woocommerce_thumbnail\" alt=\"\u00c7\u0131kma demir profil farkl\u0131 boyutlarda \u00fcretilebilmeleri sayesinde\" srcset=\"https:\/\/trendinguzeli.com\/ikinciel\/wp-content\/uploads\/2024\/07\/cikma-demir-profil-2-300x300.png 300w, https:\/\/trendinguzeli.com\/ikinciel\/wp-content\/uploads\/2024\/07\/cikma-demir-profil-2-150x150.png 150w, https:\/\/trendinguzeli.com\/ikinciel\/wp-content\/uploads\/2024\/07\/cikma-demir-profil-2-100x100.png 100w\" sizes=\"auto, (max-width: 300px) 100vw, 300px\" title=\"\"><h2 class=\"woocommerce-loop-product__title\">\u00c7\u0131kma demir profil farkl\u0131 boyutlarda \u00fcretilebilmeleri sayesinde<\/h2>\n\t<span class=\"price\"><del aria-hidden=\"true\"><span class=\"woocommerce-Price-amount amount\"><bdi><span class=\"woocommerce-Price-currencySymbol\">&#8378;<\/span>1,250.00<\/bdi><\/span><\/del> <span class=\"screen-reader-text\">Orijinal fiyat: &#8378;1,250.00.<\/span><ins aria-hidden=\"true\"><span class=\"woocommerce-Price-amount amount\"><bdi><span class=\"woocommerce-Price-currencySymbol\">&#8378;<\/span>1,150.00<\/bdi><\/span><\/ins><span class=\"screen-reader-text\">\u015eu andaki fiyat: &#8378;1,150.00.<\/span><\/span>\n<div class=\"archive-product-categories text-center\"><a href=\"https:\/\/trendinguzeli.com\/ikinciel\/urun-kategori\/ikinci-el-esya\/\" rel=\"tag\">ikinci el e\u015fya<\/a><\/div><\/a><a href=\"\/ikinciel\/wp-json\/wp\/v2\/pages\/388?add-to-cart=462\" aria-describedby=\"woocommerce_loop_add_to_cart_link_describedby_462\" data-quantity=\"1\" class=\"button product_type_simple add_to_cart_button ajax_add_to_cart\" data-product_id=\"462\" data-product_sku=\"\" aria-label=\"Sepete ekle: \u201c\u00c7\u0131kma demir profil farkl\u0131 boyutlarda \u00fcretilebilmeleri sayesinde\u201d\" rel=\"nofollow\" data-success_message=\"&quot;\u00c7\u0131kma demir profil farkl\u0131 boyutlarda \u00fcretilebilmeleri sayesinde&quot; sepetinize eklendi\" role=\"button\">Sepete Ekle<\/a>\t<span id=\"woocommerce_loop_add_to_cart_link_describedby_462\" class=\"screen-reader-text\">\n\t\t\t<\/span>\n<\/li>\n<li class=\"product type-product post-504 status-publish instock product_cat-ikinci-el-beyaz-esya has-post-thumbnail sale shipping-taxable purchasable product-type-simple\">\n\t<a href=\"https:\/\/trendinguzeli.com\/ikinciel\/urun\/cikma-klima-parcalari-motor-fan-vesaite-bir-cok-ikinci-el-klima-parcasi\/\" class=\"woocommerce-LoopProduct-link woocommerce-loop-product__link\">\n\t<span class=\"onsale\">\u0130ndirim!<\/span>\n\t<img loading=\"lazy\" decoding=\"async\" width=\"300\" height=\"300\" src=\"https:\/\/trendinguzeli.com\/ikinciel\/wp-content\/uploads\/2024\/08\/ikinci-el-klima-parcasi-2-300x300.png\" class=\"attachment-woocommerce_thumbnail size-woocommerce_thumbnail\" alt=\"\u00c7\u0131kma klima par\u00e7alar\u0131 motor fan vesaite bir \u00e7ok ikinci el klima par\u00e7as\u0131\" srcset=\"https:\/\/trendinguzeli.com\/ikinciel\/wp-content\/uploads\/2024\/08\/ikinci-el-klima-parcasi-2-300x300.png 300w, https:\/\/trendinguzeli.com\/ikinciel\/wp-content\/uploads\/2024\/08\/ikinci-el-klima-parcasi-2-150x150.png 150w, https:\/\/trendinguzeli.com\/ikinciel\/wp-content\/uploads\/2024\/08\/ikinci-el-klima-parcasi-2-600x599.png 600w, https:\/\/trendinguzeli.com\/ikinciel\/wp-content\/uploads\/2024\/08\/ikinci-el-klima-parcasi-2-100x100.png 100w, https:\/\/trendinguzeli.com\/ikinciel\/wp-content\/uploads\/2024\/08\/ikinci-el-klima-parcasi-2.png 628w\" sizes=\"auto, (max-width: 300px) 100vw, 300px\" title=\"\"><h2 class=\"woocommerce-loop-product__title\">\u00c7\u0131kma klima par\u00e7alar\u0131 motor fan vesaite bir \u00e7ok ikinci el klima par\u00e7as\u0131<\/h2>\n\t<span class=\"price\"><del aria-hidden=\"true\"><span class=\"woocommerce-Price-amount amount\"><bdi><span class=\"woocommerce-Price-currencySymbol\">&#8378;<\/span>700.00<\/bdi><\/span><\/del> <span class=\"screen-reader-text\">Orijinal fiyat: &#8378;700.00.<\/span><ins aria-hidden=\"true\"><span class=\"woocommerce-Price-amount amount\"><bdi><span class=\"woocommerce-Price-currencySymbol\">&#8378;<\/span>500.00<\/bdi><\/span><\/ins><span class=\"screen-reader-text\">\u015eu andaki fiyat: &#8378;500.00.<\/span><\/span>\n<div class=\"archive-product-categories text-center\"><a href=\"https:\/\/trendinguzeli.com\/ikinciel\/urun-kategori\/ikinci-el-beyaz-esya\/\" rel=\"tag\">ikinci el beyaz e\u015fya<\/a><\/div><\/a><a href=\"\/ikinciel\/wp-json\/wp\/v2\/pages\/388?add-to-cart=504\" aria-describedby=\"woocommerce_loop_add_to_cart_link_describedby_504\" data-quantity=\"1\" class=\"button product_type_simple add_to_cart_button ajax_add_to_cart\" data-product_id=\"504\" data-product_sku=\"\" aria-label=\"Sepete ekle: \u201c\u00c7\u0131kma klima par\u00e7alar\u0131 motor fan vesaite bir \u00e7ok ikinci el klima par\u00e7as\u0131\u201d\" rel=\"nofollow\" data-success_message=\"&quot;\u00c7\u0131kma klima par\u00e7alar\u0131 motor fan vesaite bir \u00e7ok ikinci el klima par\u00e7as\u0131&quot; sepetinize eklendi\" role=\"button\">Sepete Ekle<\/a>\t<span id=\"woocommerce_loop_add_to_cart_link_describedby_504\" class=\"screen-reader-text\">\n\t\t\t<\/span>\n<\/li>\n<li class=\"product type-product post-569 status-publish instock product_cat-ikinci-el-mobilya has-post-thumbnail sale shipping-taxable purchasable product-type-simple\">\n\t<a href=\"https:\/\/trendinguzeli.com\/ikinciel\/urun\/cikma-lake-kapi-2-adet-saglam-tertemiz-ikinci-el-lake-kapilar\/\" class=\"woocommerce-LoopProduct-link woocommerce-loop-product__link\">\n\t<span class=\"onsale\">\u0130ndirim!<\/span>\n\t<img loading=\"lazy\" decoding=\"async\" width=\"300\" height=\"300\" src=\"https:\/\/trendinguzeli.com\/ikinciel\/wp-content\/uploads\/2025\/12\/Cikma-lake-kapi-300x300.png\" class=\"attachment-woocommerce_thumbnail size-woocommerce_thumbnail\" alt=\"\u00c7\u0131kma lake kap\u0131 2 adet sa\u011flam tertemiz ikinci el lake kap\u0131lar\" srcset=\"https:\/\/trendinguzeli.com\/ikinciel\/wp-content\/uploads\/2025\/12\/Cikma-lake-kapi-300x300.png 300w, https:\/\/trendinguzeli.com\/ikinciel\/wp-content\/uploads\/2025\/12\/Cikma-lake-kapi-150x150.png 150w, https:\/\/trendinguzeli.com\/ikinciel\/wp-content\/uploads\/2025\/12\/Cikma-lake-kapi-100x100.png 100w\" sizes=\"auto, (max-width: 300px) 100vw, 300px\" title=\"\"><h2 class=\"woocommerce-loop-product__title\">\u00c7\u0131kma lake kap\u0131 2 adet sa\u011flam tertemiz ikinci el lake kap\u0131lar<\/h2>\n\t<span class=\"price\"><del aria-hidden=\"true\"><span class=\"woocommerce-Price-amount amount\"><bdi><span class=\"woocommerce-Price-currencySymbol\">&#8378;<\/span>5,000.00<\/bdi><\/span><\/del> <span class=\"screen-reader-text\">Orijinal fiyat: &#8378;5,000.00.<\/span><ins aria-hidden=\"true\"><span class=\"woocommerce-Price-amount amount\"><bdi><span class=\"woocommerce-Price-currencySymbol\">&#8378;<\/span>2,500.00<\/bdi><\/span><\/ins><span class=\"screen-reader-text\">\u015eu andaki fiyat: &#8378;2,500.00.<\/span><\/span>\n<div class=\"archive-product-categories text-center\"><a href=\"https:\/\/trendinguzeli.com\/ikinciel\/urun-kategori\/ikinci-el-mobilya\/\" rel=\"tag\">ikinci el mobilya<\/a><\/div><\/a><a href=\"\/ikinciel\/wp-json\/wp\/v2\/pages\/388?add-to-cart=569\" aria-describedby=\"woocommerce_loop_add_to_cart_link_describedby_569\" data-quantity=\"1\" class=\"button product_type_simple add_to_cart_button ajax_add_to_cart\" data-product_id=\"569\" data-product_sku=\"\" aria-label=\"Sepete ekle: \u201c\u00c7\u0131kma lake kap\u0131 2 adet sa\u011flam tertemiz ikinci el lake kap\u0131lar\u201d\" rel=\"nofollow\" data-success_message=\"&quot;\u00c7\u0131kma lake kap\u0131 2 adet sa\u011flam tertemiz ikinci el lake kap\u0131lar&quot; sepetinize eklendi\" role=\"button\">Sepete Ekle<\/a>\t<span id=\"woocommerce_loop_add_to_cart_link_describedby_569\" class=\"screen-reader-text\">\n\t\t\t<\/span>\n<\/li>\n<li class=\"product type-product post-532 status-publish last instock product_cat-ikinci-el-mobilya has-post-thumbnail sale shipping-taxable purchasable product-type-simple\">\n\t<a href=\"https:\/\/trendinguzeli.com\/ikinciel\/urun\/cikma-mutfak-dolabi-ve-mermeri-saglam-durumda-sokulmus-vaziyette\/\" class=\"woocommerce-LoopProduct-link woocommerce-loop-product__link\">\n\t<span class=\"onsale\">\u0130ndirim!<\/span>\n\t<img loading=\"lazy\" decoding=\"async\" width=\"300\" height=\"300\" src=\"https:\/\/trendinguzeli.com\/ikinciel\/wp-content\/uploads\/2024\/10\/Cikma-mutfak-dolabi-ve-mermeri-3-300x300.png\" class=\"attachment-woocommerce_thumbnail size-woocommerce_thumbnail\" alt=\"\u00c7\u0131kma mutfak dolab\u0131 ve mermeri sa\u011flam durumda s\u00f6k\u00fclm\u00fc\u015f vaziyette\" srcset=\"https:\/\/trendinguzeli.com\/ikinciel\/wp-content\/uploads\/2024\/10\/Cikma-mutfak-dolabi-ve-mermeri-3-300x300.png 300w, https:\/\/trendinguzeli.com\/ikinciel\/wp-content\/uploads\/2024\/10\/Cikma-mutfak-dolabi-ve-mermeri-3-150x150.png 150w, https:\/\/trendinguzeli.com\/ikinciel\/wp-content\/uploads\/2024\/10\/Cikma-mutfak-dolabi-ve-mermeri-3-100x100.png 100w\" sizes=\"auto, (max-width: 300px) 100vw, 300px\" title=\"\"><h2 class=\"woocommerce-loop-product__title\">\u00c7\u0131kma mutfak dolab\u0131 ve mermeri sa\u011flam durumda s\u00f6k\u00fclm\u00fc\u015f vaziyette<\/h2>\n\t<span class=\"price\"><del aria-hidden=\"true\"><span class=\"woocommerce-Price-amount amount\"><bdi><span class=\"woocommerce-Price-currencySymbol\">&#8378;<\/span>10,000.00<\/bdi><\/span><\/del> <span class=\"screen-reader-text\">Orijinal fiyat: &#8378;10,000.00.<\/span><ins aria-hidden=\"true\"><span class=\"woocommerce-Price-amount amount\"><bdi><span class=\"woocommerce-Price-currencySymbol\">&#8378;<\/span>8,000.00<\/bdi><\/span><\/ins><span class=\"screen-reader-text\">\u015eu andaki fiyat: &#8378;8,000.00.<\/span><\/span>\n<div class=\"archive-product-categories text-center\"><a href=\"https:\/\/trendinguzeli.com\/ikinciel\/urun-kategori\/ikinci-el-mobilya\/\" rel=\"tag\">ikinci el mobilya<\/a><\/div><\/a><a href=\"\/ikinciel\/wp-json\/wp\/v2\/pages\/388?add-to-cart=532\" aria-describedby=\"woocommerce_loop_add_to_cart_link_describedby_532\" data-quantity=\"1\" class=\"button product_type_simple add_to_cart_button ajax_add_to_cart\" data-product_id=\"532\" data-product_sku=\"\" aria-label=\"Sepete ekle: \u201c\u00c7\u0131kma mutfak dolab\u0131 ve mermeri sa\u011flam durumda s\u00f6k\u00fclm\u00fc\u015f vaziyette\u201d\" rel=\"nofollow\" data-success_message=\"&quot;\u00c7\u0131kma mutfak dolab\u0131 ve mermeri sa\u011flam durumda s\u00f6k\u00fclm\u00fc\u015f vaziyette&quot; sepetinize eklendi\" role=\"button\">Sepete Ekle<\/a>\t<span id=\"woocommerce_loop_add_to_cart_link_describedby_532\" class=\"screen-reader-text\">\n\t\t\t<\/span>\n<\/li>\n<\/ul>\n<\/div>\n","protected":false},"excerpt":{"rendered":"","protected":false},"author":1,"featured_media":390,"parent":0,"menu_order":0,"comment_status":"closed","ping_status":"closed","template":"","meta":{"footnotes":""},"class_list":["post-388","page","type-page","status-publish","has-post-thumbnail","hentry"],"_links":{"self":[{"href":"https:\/\/trendinguzeli.com\/ikinciel\/wp-json\/wp\/v2\/pages\/388","targetHints":{"allow":["GET"]}}],"collection":[{"href":"https:\/\/trendinguzeli.com\/ikinciel\/wp-json\/wp\/v2\/pages"}],"about":[{"href":"https:\/\/trendinguzeli.com\/ikinciel\/wp-json\/wp\/v2\/types\/page"}],"author":[{"embeddable":true,"href":"https:\/\/trendinguzeli.com\/ikinciel\/wp-json\/wp\/v2\/users\/1"}],"replies":[{"embeddable":true,"href":"https:\/\/trendinguzeli.com\/ikinciel\/wp-json\/wp\/v2\/comments?post=388"}],"version-history":[{"count":2,"href":"https:\/\/trendinguzeli.com\/ikinciel\/wp-json\/wp\/v2\/pages\/388\/revisions"}],"predecessor-version":[{"id":396,"href":"https:\/\/trendinguzeli.com\/ikinciel\/wp-json\/wp\/v2\/pages\/388\/revisions\/396"}],"wp:featuredmedia":[{"embeddable":true,"href":"https:\/\/trendinguzeli.com\/ikinciel\/wp-json\/wp\/v2\/media\/390"}],"wp:attachment":[{"href":"https:\/\/trendinguzeli.com\/ikinciel\/wp-json\/wp\/v2\/media?parent=388"}],"curies":[{"name":"wp","href":"https:\/\/api.w.org\/{rel}","templated":true}]}}