{"id":422,"date":"2024-07-15T09:41:32","date_gmt":"2024-07-15T06:41:32","guid":{"rendered":"https:\/\/trendinguzeli.com\/ikinciel\/?post_type=product&#038;p=422"},"modified":"2024-07-15T09:41:32","modified_gmt":"2024-07-15T06:41:32","slug":"ikea-bahce-koltugu-sandalyesi-1-yillik-ikinci-el-rattan-bahce-mobilyasi","status":"publish","type":"product","link":"https:\/\/trendinguzeli.com\/ikinciel\/urun\/ikea-bahce-koltugu-sandalyesi-1-yillik-ikinci-el-rattan-bahce-mobilyasi\/","title":{"rendered":"ikea bah\u00e7e koltu\u011fu sandalyesi 1 y\u0131ll\u0131k ikinci el rattan bah\u00e7e mobilyas\u0131"},"content":{"rendered":"<p><img loading=\"lazy\" decoding=\"async\" src=\"https:\/\/trendinguzeli.com\/ikinciel\/wp-content\/uploads\/2024\/07\/ikea-bahce-koltugu-sandalyesi-2.png\" alt=\"\" width=\"797\" height=\"631\" class=\"aligncenter size-full wp-image-423\" title=\"\" srcset=\"https:\/\/trendinguzeli.com\/ikinciel\/wp-content\/uploads\/2024\/07\/ikea-bahce-koltugu-sandalyesi-2.png 797w, https:\/\/trendinguzeli.com\/ikinciel\/wp-content\/uploads\/2024\/07\/ikea-bahce-koltugu-sandalyesi-2-300x238.png 300w, https:\/\/trendinguzeli.com\/ikinciel\/wp-content\/uploads\/2024\/07\/ikea-bahce-koltugu-sandalyesi-2-768x608.png 768w, https:\/\/trendinguzeli.com\/ikinciel\/wp-content\/uploads\/2024\/07\/ikea-bahce-koltugu-sandalyesi-2-600x475.png 600w\" sizes=\"auto, (max-width: 797px) 100vw, 797px\" \/><\/p>\n<p><img loading=\"lazy\" decoding=\"async\" src=\"https:\/\/trendinguzeli.com\/ikinciel\/wp-content\/uploads\/2024\/07\/ikea-bahce-koltugu-sandalyesi-3.png\" alt=\"\" width=\"984\" height=\"629\" class=\"aligncenter size-full wp-image-424\" title=\"\" srcset=\"https:\/\/trendinguzeli.com\/ikinciel\/wp-content\/uploads\/2024\/07\/ikea-bahce-koltugu-sandalyesi-3.png 984w, https:\/\/trendinguzeli.com\/ikinciel\/wp-content\/uploads\/2024\/07\/ikea-bahce-koltugu-sandalyesi-3-300x192.png 300w, https:\/\/trendinguzeli.com\/ikinciel\/wp-content\/uploads\/2024\/07\/ikea-bahce-koltugu-sandalyesi-3-768x491.png 768w, https:\/\/trendinguzeli.com\/ikinciel\/wp-content\/uploads\/2024\/07\/ikea-bahce-koltugu-sandalyesi-3-600x384.png 600w\" sizes=\"auto, (max-width: 984px) 100vw, 984px\" \/><\/p>\n<p><img loading=\"lazy\" decoding=\"async\" src=\"https:\/\/trendinguzeli.com\/ikinciel\/wp-content\/uploads\/2024\/07\/ikea-bahce-koltugu-sandalyesi-1.png\" alt=\"\" width=\"792\" height=\"633\" class=\"aligncenter size-full wp-image-425\" title=\"\" srcset=\"https:\/\/trendinguzeli.com\/ikinciel\/wp-content\/uploads\/2024\/07\/ikea-bahce-koltugu-sandalyesi-1.png 792w, https:\/\/trendinguzeli.com\/ikinciel\/wp-content\/uploads\/2024\/07\/ikea-bahce-koltugu-sandalyesi-1-300x240.png 300w, https:\/\/trendinguzeli.com\/ikinciel\/wp-content\/uploads\/2024\/07\/ikea-bahce-koltugu-sandalyesi-1-768x614.png 768w, https:\/\/trendinguzeli.com\/ikinciel\/wp-content\/uploads\/2024\/07\/ikea-bahce-koltugu-sandalyesi-1-600x480.png 600w\" sizes=\"auto, (max-width: 792px) 100vw, 792px\" \/><\/p>\n","protected":false},"excerpt":{"rendered":"<p>ikea bah\u00e7e koltu\u011fu sandalyesi 2 li takim \u015feklinde bah\u00e7e veya balkona kullan\u0131ma elveri\u015fli,renginde hafif solma aysk u\u00e7lar\u0131nda sararma vard\u0131r,markas\u0131 ikeadir<\/p>\n<p>Renginde solma var ayak ucunda sararma var<\/p>\n","protected":false},"featured_media":424,"template":"","meta":[],"product_brand":[],"product_cat":[32],"product_tag":[],"class_list":{"0":"post-422","1":"product","2":"type-product","3":"status-publish","4":"has-post-thumbnail","6":"product_cat-ikinci-el-mobilya","8":"first","9":"instock","10":"sale","11":"shipping-taxable","12":"purchasable","13":"product-type-simple"},"_links":{"self":[{"href":"https:\/\/trendinguzeli.com\/ikinciel\/wp-json\/wp\/v2\/product\/422","targetHints":{"allow":["GET"]}}],"collection":[{"href":"https:\/\/trendinguzeli.com\/ikinciel\/wp-json\/wp\/v2\/product"}],"about":[{"href":"https:\/\/trendinguzeli.com\/ikinciel\/wp-json\/wp\/v2\/types\/product"}],"wp:featuredmedia":[{"embeddable":true,"href":"https:\/\/trendinguzeli.com\/ikinciel\/wp-json\/wp\/v2\/media\/424"}],"wp:attachment":[{"href":"https:\/\/trendinguzeli.com\/ikinciel\/wp-json\/wp\/v2\/media?parent=422"}],"wp:term":[{"taxonomy":"product_brand","embeddable":true,"href":"https:\/\/trendinguzeli.com\/ikinciel\/wp-json\/wp\/v2\/product_brand?post=422"},{"taxonomy":"product_cat","embeddable":true,"href":"https:\/\/trendinguzeli.com\/ikinciel\/wp-json\/wp\/v2\/product_cat?post=422"},{"taxonomy":"product_tag","embeddable":true,"href":"https:\/\/trendinguzeli.com\/ikinciel\/wp-json\/wp\/v2\/product_tag?post=422"}],"curies":[{"name":"wp","href":"https:\/\/api.w.org\/{rel}","templated":true}]}}