{"id":426,"date":"2024-07-16T17:05:35","date_gmt":"2024-07-16T14:05:35","guid":{"rendered":"https:\/\/trendinguzeli.com\/ikinciel\/?post_type=product&#038;p=426"},"modified":"2024-07-16T17:05:35","modified_gmt":"2024-07-16T14:05:35","slug":"cikma-100-adet-beyaz-tas-onduline-eternit-levha-nedir","status":"publish","type":"product","link":"https:\/\/trendinguzeli.com\/ikinciel\/urun\/cikma-100-adet-beyaz-tas-onduline-eternit-levha-nedir\/","title":{"rendered":"\u00c7\u0131kma 100 adet beyaz ta\u015f onduline Eternit levha nedir?"},"content":{"rendered":"<p><img loading=\"lazy\" decoding=\"async\" src=\"https:\/\/trendinguzeli.com\/ikinciel\/wp-content\/uploads\/2024\/07\/cikma-beyaz-tas-onduline-2.png\" alt=\"\" width=\"963\" height=\"627\" class=\"aligncenter size-full wp-image-427\" title=\"\" srcset=\"https:\/\/trendinguzeli.com\/ikinciel\/wp-content\/uploads\/2024\/07\/cikma-beyaz-tas-onduline-2.png 963w, https:\/\/trendinguzeli.com\/ikinciel\/wp-content\/uploads\/2024\/07\/cikma-beyaz-tas-onduline-2-300x195.png 300w, https:\/\/trendinguzeli.com\/ikinciel\/wp-content\/uploads\/2024\/07\/cikma-beyaz-tas-onduline-2-768x500.png 768w, https:\/\/trendinguzeli.com\/ikinciel\/wp-content\/uploads\/2024\/07\/cikma-beyaz-tas-onduline-2-600x391.png 600w\" sizes=\"auto, (max-width: 963px) 100vw, 963px\" \/><\/p>\n<p><img loading=\"lazy\" decoding=\"async\" src=\"https:\/\/trendinguzeli.com\/ikinciel\/wp-content\/uploads\/2024\/07\/cikma-beyaz-tas-onduline-3.png\" alt=\"\" width=\"860\" height=\"632\" class=\"aligncenter size-full wp-image-428\" title=\"\" srcset=\"https:\/\/trendinguzeli.com\/ikinciel\/wp-content\/uploads\/2024\/07\/cikma-beyaz-tas-onduline-3.png 860w, https:\/\/trendinguzeli.com\/ikinciel\/wp-content\/uploads\/2024\/07\/cikma-beyaz-tas-onduline-3-300x220.png 300w, https:\/\/trendinguzeli.com\/ikinciel\/wp-content\/uploads\/2024\/07\/cikma-beyaz-tas-onduline-3-768x564.png 768w, https:\/\/trendinguzeli.com\/ikinciel\/wp-content\/uploads\/2024\/07\/cikma-beyaz-tas-onduline-3-600x441.png 600w\" sizes=\"auto, (max-width: 860px) 100vw, 860px\" \/><\/p>\n<p><img loading=\"lazy\" decoding=\"async\" src=\"https:\/\/trendinguzeli.com\/ikinciel\/wp-content\/uploads\/2024\/07\/cikma-beyaz-tas-onduline-1.png\" alt=\"\" width=\"956\" height=\"632\" class=\"aligncenter size-full wp-image-429\" title=\"\" srcset=\"https:\/\/trendinguzeli.com\/ikinciel\/wp-content\/uploads\/2024\/07\/cikma-beyaz-tas-onduline-1.png 956w, https:\/\/trendinguzeli.com\/ikinciel\/wp-content\/uploads\/2024\/07\/cikma-beyaz-tas-onduline-1-300x198.png 300w, https:\/\/trendinguzeli.com\/ikinciel\/wp-content\/uploads\/2024\/07\/cikma-beyaz-tas-onduline-1-768x508.png 768w, https:\/\/trendinguzeli.com\/ikinciel\/wp-content\/uploads\/2024\/07\/cikma-beyaz-tas-onduline-1-600x397.png 600w\" sizes=\"auto, (max-width: 956px) 100vw, 956px\" \/><\/p>\n","protected":false},"excerpt":{"rendered":"<p>\u00e7\u0131kma beyaz ta\u015f onduline Onduline Ko\u00e7ta\u015f&#8217;\u0131n sundu\u011fu baz\u0131 renk se\u00e7enekleri \u015funlard\u0131r: Ta\u015f Beji: Eternit fiyatlar\u0131 ne kadar?<br \/>\nEternit levha nedir?<br \/>\n Do\u011fal ta\u015f rengine yak\u0131n olan bu renk, s\u0131cak ve ho\u015f bir Eternit Fiyatlar\u0131 ve \u00f6l\u00e7\u00fcleri en uygun se\u00e7enekler ile g\u00f6r\u00fcn\u00fcm sunar. Antrasit Gri: Modern<\/p>\n","protected":false},"featured_media":429,"template":"","meta":[],"product_brand":[],"product_cat":[15],"product_tag":[],"class_list":{"0":"post-426","1":"product","2":"type-product","3":"status-publish","4":"has-post-thumbnail","6":"product_cat-ikinci-el-esya","8":"first","9":"instock","10":"sale","11":"shipping-taxable","12":"purchasable","13":"product-type-simple"},"_links":{"self":[{"href":"https:\/\/trendinguzeli.com\/ikinciel\/wp-json\/wp\/v2\/product\/426","targetHints":{"allow":["GET"]}}],"collection":[{"href":"https:\/\/trendinguzeli.com\/ikinciel\/wp-json\/wp\/v2\/product"}],"about":[{"href":"https:\/\/trendinguzeli.com\/ikinciel\/wp-json\/wp\/v2\/types\/product"}],"wp:featuredmedia":[{"embeddable":true,"href":"https:\/\/trendinguzeli.com\/ikinciel\/wp-json\/wp\/v2\/media\/429"}],"wp:attachment":[{"href":"https:\/\/trendinguzeli.com\/ikinciel\/wp-json\/wp\/v2\/media?parent=426"}],"wp:term":[{"taxonomy":"product_brand","embeddable":true,"href":"https:\/\/trendinguzeli.com\/ikinciel\/wp-json\/wp\/v2\/product_brand?post=426"},{"taxonomy":"product_cat","embeddable":true,"href":"https:\/\/trendinguzeli.com\/ikinciel\/wp-json\/wp\/v2\/product_cat?post=426"},{"taxonomy":"product_tag","embeddable":true,"href":"https:\/\/trendinguzeli.com\/ikinciel\/wp-json\/wp\/v2\/product_tag?post=426"}],"curies":[{"name":"wp","href":"https:\/\/api.w.org\/{rel}","templated":true}]}}