{"id":435,"date":"2024-07-18T14:13:25","date_gmt":"2024-07-18T11:13:25","guid":{"rendered":"https:\/\/trendinguzeli.com\/ikinciel\/?post_type=product&#038;p=435"},"modified":"2024-07-18T14:13:25","modified_gmt":"2024-07-18T11:13:25","slug":"cikma-odun-ahsap-hurda-olarak-verilecektir","status":"publish","type":"product","link":"https:\/\/trendinguzeli.com\/ikinciel\/urun\/cikma-odun-ahsap-hurda-olarak-verilecektir\/","title":{"rendered":"\u00c7\u0131kma Odun, Ah\u015fap Hurda olarak Verilecektir"},"content":{"rendered":"<p><img loading=\"lazy\" decoding=\"async\" class=\"aligncenter size-full wp-image-436\" src=\"https:\/\/trendinguzeli.com\/ikinciel\/wp-content\/uploads\/2024\/07\/Cikma-Odun-Ahsap-Hurda-2.png\" alt=\"\" width=\"976\" height=\"621\" title=\"\" srcset=\"https:\/\/trendinguzeli.com\/ikinciel\/wp-content\/uploads\/2024\/07\/Cikma-Odun-Ahsap-Hurda-2.png 976w, https:\/\/trendinguzeli.com\/ikinciel\/wp-content\/uploads\/2024\/07\/Cikma-Odun-Ahsap-Hurda-2-300x191.png 300w, https:\/\/trendinguzeli.com\/ikinciel\/wp-content\/uploads\/2024\/07\/Cikma-Odun-Ahsap-Hurda-2-768x489.png 768w, https:\/\/trendinguzeli.com\/ikinciel\/wp-content\/uploads\/2024\/07\/Cikma-Odun-Ahsap-Hurda-2-600x382.png 600w\" sizes=\"auto, (max-width: 976px) 100vw, 976px\" \/> <img loading=\"lazy\" decoding=\"async\" class=\"aligncenter size-full wp-image-437\" src=\"https:\/\/trendinguzeli.com\/ikinciel\/wp-content\/uploads\/2024\/07\/Cikma-Odun-Ahsap-Hurda-1.png\" alt=\"\" width=\"985\" height=\"623\" title=\"\" srcset=\"https:\/\/trendinguzeli.com\/ikinciel\/wp-content\/uploads\/2024\/07\/Cikma-Odun-Ahsap-Hurda-1.png 985w, https:\/\/trendinguzeli.com\/ikinciel\/wp-content\/uploads\/2024\/07\/Cikma-Odun-Ahsap-Hurda-1-300x190.png 300w, https:\/\/trendinguzeli.com\/ikinciel\/wp-content\/uploads\/2024\/07\/Cikma-Odun-Ahsap-Hurda-1-768x486.png 768w, https:\/\/trendinguzeli.com\/ikinciel\/wp-content\/uploads\/2024\/07\/Cikma-Odun-Ahsap-Hurda-1-600x379.png 600w\" sizes=\"auto, (max-width: 985px) 100vw, 985px\" \/><\/p>\n","protected":false},"excerpt":{"rendered":"<p>\u00c7\u0131kma Odun, Ah\u015fap Hurda 1 tahta palet kac tl?<br \/>\nIkinci el palet kac tl? \u00c7\u0131kma Par\u00e7a, Hasarl\u0131 \u00dcr\u00fcn ve Hurda Pazar\u0131. menu_icon.svg closemenu.jpg. MA\u011eAZA &#8230; odun Ah\u015fap Hurdas\u0131 Hurda Palet Al\u0131m\u0131. Emin Palet Ah\u015fap Hurda Al\u0131m\u0131 Yap\u0131yoruz Bir Telefon Kadar Yak\u0131n\u0131z<br \/>\nHurda palet fiyatlar\u0131 ne kadar?<br \/>\nEuro Palet \u00f6l\u00e7\u00fcleri nedir?<\/p>\n","protected":false},"featured_media":436,"template":"","meta":[],"product_brand":[],"product_cat":[32],"product_tag":[],"class_list":{"0":"post-435","1":"product","2":"type-product","3":"status-publish","4":"has-post-thumbnail","6":"product_cat-ikinci-el-mobilya","8":"first","9":"instock","10":"sale","11":"shipping-taxable","12":"purchasable","13":"product-type-simple"},"_links":{"self":[{"href":"https:\/\/trendinguzeli.com\/ikinciel\/wp-json\/wp\/v2\/product\/435","targetHints":{"allow":["GET"]}}],"collection":[{"href":"https:\/\/trendinguzeli.com\/ikinciel\/wp-json\/wp\/v2\/product"}],"about":[{"href":"https:\/\/trendinguzeli.com\/ikinciel\/wp-json\/wp\/v2\/types\/product"}],"wp:featuredmedia":[{"embeddable":true,"href":"https:\/\/trendinguzeli.com\/ikinciel\/wp-json\/wp\/v2\/media\/436"}],"wp:attachment":[{"href":"https:\/\/trendinguzeli.com\/ikinciel\/wp-json\/wp\/v2\/media?parent=435"}],"wp:term":[{"taxonomy":"product_brand","embeddable":true,"href":"https:\/\/trendinguzeli.com\/ikinciel\/wp-json\/wp\/v2\/product_brand?post=435"},{"taxonomy":"product_cat","embeddable":true,"href":"https:\/\/trendinguzeli.com\/ikinciel\/wp-json\/wp\/v2\/product_cat?post=435"},{"taxonomy":"product_tag","embeddable":true,"href":"https:\/\/trendinguzeli.com\/ikinciel\/wp-json\/wp\/v2\/product_tag?post=435"}],"curies":[{"name":"wp","href":"https:\/\/api.w.org\/{rel}","templated":true}]}}