{"id":438,"date":"2024-07-18T14:38:17","date_gmt":"2024-07-18T11:38:17","guid":{"rendered":"https:\/\/trendinguzeli.com\/ikinciel\/?post_type=product&#038;p=438"},"modified":"2024-07-18T14:38:17","modified_gmt":"2024-07-18T11:38:17","slug":"mdf-tozu-temiz-ince-mdf-tozu-cuval-cuval-tozlar","status":"publish","type":"product","link":"https:\/\/trendinguzeli.com\/ikinciel\/urun\/mdf-tozu-temiz-ince-mdf-tozu-cuval-cuval-tozlar\/","title":{"rendered":"Mdf tozu temiz ince mdf tozu \u00e7uval \u00e7uval tozlar"},"content":{"rendered":"<p><img loading=\"lazy\" decoding=\"async\" src=\"https:\/\/trendinguzeli.com\/ikinciel\/wp-content\/uploads\/2024\/07\/Mdf-tozu-1.png\" alt=\"\" width=\"634\" height=\"629\" class=\"aligncenter size-full wp-image-439\" title=\"\" srcset=\"https:\/\/trendinguzeli.com\/ikinciel\/wp-content\/uploads\/2024\/07\/Mdf-tozu-1.png 634w, https:\/\/trendinguzeli.com\/ikinciel\/wp-content\/uploads\/2024\/07\/Mdf-tozu-1-300x298.png 300w, https:\/\/trendinguzeli.com\/ikinciel\/wp-content\/uploads\/2024\/07\/Mdf-tozu-1-150x150.png 150w, https:\/\/trendinguzeli.com\/ikinciel\/wp-content\/uploads\/2024\/07\/Mdf-tozu-1-600x595.png 600w, https:\/\/trendinguzeli.com\/ikinciel\/wp-content\/uploads\/2024\/07\/Mdf-tozu-1-100x100.png 100w\" sizes=\"auto, (max-width: 634px) 100vw, 634px\" \/><\/p>\n<p><img loading=\"lazy\" decoding=\"async\" src=\"https:\/\/trendinguzeli.com\/ikinciel\/wp-content\/uploads\/2024\/07\/Mdf-tozu-2.png\" alt=\"\" width=\"946\" height=\"567\" class=\"aligncenter size-full wp-image-440\" title=\"\" srcset=\"https:\/\/trendinguzeli.com\/ikinciel\/wp-content\/uploads\/2024\/07\/Mdf-tozu-2.png 946w, https:\/\/trendinguzeli.com\/ikinciel\/wp-content\/uploads\/2024\/07\/Mdf-tozu-2-300x180.png 300w, https:\/\/trendinguzeli.com\/ikinciel\/wp-content\/uploads\/2024\/07\/Mdf-tozu-2-768x460.png 768w, https:\/\/trendinguzeli.com\/ikinciel\/wp-content\/uploads\/2024\/07\/Mdf-tozu-2-600x360.png 600w\" sizes=\"auto, (max-width: 946px) 100vw, 946px\" \/><\/p>\n<p><img loading=\"lazy\" decoding=\"async\" src=\"https:\/\/trendinguzeli.com\/ikinciel\/wp-content\/uploads\/2024\/07\/Mdf-tozu-3.png\" alt=\"\" width=\"938\" height=\"616\" class=\"aligncenter size-full wp-image-441\" title=\"\" srcset=\"https:\/\/trendinguzeli.com\/ikinciel\/wp-content\/uploads\/2024\/07\/Mdf-tozu-3.png 938w, https:\/\/trendinguzeli.com\/ikinciel\/wp-content\/uploads\/2024\/07\/Mdf-tozu-3-300x197.png 300w, https:\/\/trendinguzeli.com\/ikinciel\/wp-content\/uploads\/2024\/07\/Mdf-tozu-3-768x504.png 768w, https:\/\/trendinguzeli.com\/ikinciel\/wp-content\/uploads\/2024\/07\/Mdf-tozu-3-600x394.png 600w\" sizes=\"auto, (max-width: 938px) 100vw, 938px\" \/><\/p>\n","protected":false},"excerpt":{"rendered":"<p>Mdf tozu Mdf tozu t bulunur.Temizdir yabanc\u0131 cisim vs yoktur. Sunta-MDF \u00fcretiminde, Pelet \u00fcretimlerinde, Enerji sekt\u00f6r\u00fcnde \u0131s\u0131 ve elektrik MDF tozu ne i\u015fe yarar?<br \/>\nTala\u015f tozu nerede kullan\u0131l\u0131r?<br \/>\n \u0130lan Tarihi 21 Kas\u0131m<\/p>\n","protected":false},"featured_media":441,"template":"","meta":[],"product_brand":[],"product_cat":[32],"product_tag":[],"class_list":{"0":"post-438","1":"product","2":"type-product","3":"status-publish","4":"has-post-thumbnail","6":"product_cat-ikinci-el-mobilya","8":"first","9":"instock","10":"sale","11":"shipping-taxable","12":"purchasable","13":"product-type-simple"},"_links":{"self":[{"href":"https:\/\/trendinguzeli.com\/ikinciel\/wp-json\/wp\/v2\/product\/438","targetHints":{"allow":["GET"]}}],"collection":[{"href":"https:\/\/trendinguzeli.com\/ikinciel\/wp-json\/wp\/v2\/product"}],"about":[{"href":"https:\/\/trendinguzeli.com\/ikinciel\/wp-json\/wp\/v2\/types\/product"}],"wp:featuredmedia":[{"embeddable":true,"href":"https:\/\/trendinguzeli.com\/ikinciel\/wp-json\/wp\/v2\/media\/441"}],"wp:attachment":[{"href":"https:\/\/trendinguzeli.com\/ikinciel\/wp-json\/wp\/v2\/media?parent=438"}],"wp:term":[{"taxonomy":"product_brand","embeddable":true,"href":"https:\/\/trendinguzeli.com\/ikinciel\/wp-json\/wp\/v2\/product_brand?post=438"},{"taxonomy":"product_cat","embeddable":true,"href":"https:\/\/trendinguzeli.com\/ikinciel\/wp-json\/wp\/v2\/product_cat?post=438"},{"taxonomy":"product_tag","embeddable":true,"href":"https:\/\/trendinguzeli.com\/ikinciel\/wp-json\/wp\/v2\/product_tag?post=438"}],"curies":[{"name":"wp","href":"https:\/\/api.w.org\/{rel}","templated":true}]}}