{"id":442,"date":"2024-07-18T14:41:16","date_gmt":"2024-07-18T11:41:16","guid":{"rendered":"https:\/\/trendinguzeli.com\/ikinciel\/?post_type=product&#038;p=442"},"modified":"2024-07-18T14:41:16","modified_gmt":"2024-07-18T11:41:16","slug":"cikma-sarj-dinamosu-saglam-sorunsuz-az-kullanilmis-bir-urun","status":"publish","type":"product","link":"https:\/\/trendinguzeli.com\/ikinciel\/urun\/cikma-sarj-dinamosu-saglam-sorunsuz-az-kullanilmis-bir-urun\/","title":{"rendered":"\u00c7\u0131kma \u015earj Dinamosu sa\u011flam sorunsuz az kullan\u0131lm\u0131\u015f bir \u00fcr\u00fcn"},"content":{"rendered":"<p><img loading=\"lazy\" decoding=\"async\" src=\"https:\/\/trendinguzeli.com\/ikinciel\/wp-content\/uploads\/2024\/07\/Sarj-Dinamosu-1.png\" alt=\"\" width=\"730\" height=\"617\" class=\"aligncenter size-full wp-image-443\" title=\"\" srcset=\"https:\/\/trendinguzeli.com\/ikinciel\/wp-content\/uploads\/2024\/07\/Sarj-Dinamosu-1.png 730w, https:\/\/trendinguzeli.com\/ikinciel\/wp-content\/uploads\/2024\/07\/Sarj-Dinamosu-1-300x254.png 300w, https:\/\/trendinguzeli.com\/ikinciel\/wp-content\/uploads\/2024\/07\/Sarj-Dinamosu-1-600x507.png 600w\" sizes=\"auto, (max-width: 730px) 100vw, 730px\" \/><\/p>\n<p><img loading=\"lazy\" decoding=\"async\" src=\"https:\/\/trendinguzeli.com\/ikinciel\/wp-content\/uploads\/2024\/07\/Sarj-Dinamosu-2.png\" alt=\"\" width=\"982\" height=\"632\" class=\"aligncenter size-full wp-image-444\" title=\"\" srcset=\"https:\/\/trendinguzeli.com\/ikinciel\/wp-content\/uploads\/2024\/07\/Sarj-Dinamosu-2.png 982w, https:\/\/trendinguzeli.com\/ikinciel\/wp-content\/uploads\/2024\/07\/Sarj-Dinamosu-2-300x193.png 300w, https:\/\/trendinguzeli.com\/ikinciel\/wp-content\/uploads\/2024\/07\/Sarj-Dinamosu-2-768x494.png 768w, https:\/\/trendinguzeli.com\/ikinciel\/wp-content\/uploads\/2024\/07\/Sarj-Dinamosu-2-600x386.png 600w\" sizes=\"auto, (max-width: 982px) 100vw, 982px\" \/><\/p>\n","protected":false},"excerpt":{"rendered":"<p>\u015earj Dinamosu \u0130kinci El \u015earj Dinamosu Elektrik Otomobil &#038; Arazi Arac\u0131 \u00dcr\u00fcn Modelleri \u00b7 F\u0130AT L\u0130NEA 1.3 \u015eARJ D\u0130NAMOSU DORUK OTO \u00c7IKMA Ford \u00e7\u0131kma \u015farj dinamosu \u00e7e\u015fitleri firmam\u0131zda mevcut olup sat\u0131\u015fa haz\u0131rd\u0131r. \u015earj dinamosu yolda b\u0131rak\u0131r m\u0131?<br \/>\n\u015earj dinamosu tamiri ne kadar tutar?<br \/>\n\u015earj dinamosu bozulursa nas\u0131l anla\u015f\u0131l\u0131r?<br \/>\n F\u0130AT PUNTO 1.3 \u015eARJ D\u0130NAMOSU <\/p>\n","protected":false},"featured_media":443,"template":"","meta":[],"product_brand":[],"product_cat":[31],"product_tag":[],"class_list":{"0":"post-442","1":"product","2":"type-product","3":"status-publish","4":"has-post-thumbnail","6":"product_cat-ikinci-el-is-makineleri","8":"first","9":"instock","10":"sale","11":"shipping-taxable","12":"purchasable","13":"product-type-simple"},"_links":{"self":[{"href":"https:\/\/trendinguzeli.com\/ikinciel\/wp-json\/wp\/v2\/product\/442","targetHints":{"allow":["GET"]}}],"collection":[{"href":"https:\/\/trendinguzeli.com\/ikinciel\/wp-json\/wp\/v2\/product"}],"about":[{"href":"https:\/\/trendinguzeli.com\/ikinciel\/wp-json\/wp\/v2\/types\/product"}],"wp:featuredmedia":[{"embeddable":true,"href":"https:\/\/trendinguzeli.com\/ikinciel\/wp-json\/wp\/v2\/media\/443"}],"wp:attachment":[{"href":"https:\/\/trendinguzeli.com\/ikinciel\/wp-json\/wp\/v2\/media?parent=442"}],"wp:term":[{"taxonomy":"product_brand","embeddable":true,"href":"https:\/\/trendinguzeli.com\/ikinciel\/wp-json\/wp\/v2\/product_brand?post=442"},{"taxonomy":"product_cat","embeddable":true,"href":"https:\/\/trendinguzeli.com\/ikinciel\/wp-json\/wp\/v2\/product_cat?post=442"},{"taxonomy":"product_tag","embeddable":true,"href":"https:\/\/trendinguzeli.com\/ikinciel\/wp-json\/wp\/v2\/product_tag?post=442"}],"curies":[{"name":"wp","href":"https:\/\/api.w.org\/{rel}","templated":true}]}}