{"id":449,"date":"2024-07-18T16:04:21","date_gmt":"2024-07-18T13:04:21","guid":{"rendered":"https:\/\/trendinguzeli.com\/ikinciel\/?post_type=product&#038;p=449"},"modified":"2024-07-18T16:04:21","modified_gmt":"2024-07-18T13:04:21","slug":"temiz-ve-saglam-hassas-terazi-300-kg-dijital-sifir-teraziler","status":"publish","type":"product","link":"https:\/\/trendinguzeli.com\/ikinciel\/urun\/temiz-ve-saglam-hassas-terazi-300-kg-dijital-sifir-teraziler\/","title":{"rendered":"Temiz ve sa\u011flam hassas terazi 300 kg dijital s\u0131f\u0131r teraziler"},"content":{"rendered":"<p><img loading=\"lazy\" decoding=\"async\" class=\"aligncenter size-full wp-image-450\" src=\"https:\/\/trendinguzeli.com\/ikinciel\/wp-content\/uploads\/2024\/07\/300-kg-dijital-sifir-teraziler-3.png\" alt=\"\" width=\"562\" height=\"572\" title=\"\" srcset=\"https:\/\/trendinguzeli.com\/ikinciel\/wp-content\/uploads\/2024\/07\/300-kg-dijital-sifir-teraziler-3.png 562w, https:\/\/trendinguzeli.com\/ikinciel\/wp-content\/uploads\/2024\/07\/300-kg-dijital-sifir-teraziler-3-295x300.png 295w\" sizes=\"auto, (max-width: 562px) 100vw, 562px\" \/> <img loading=\"lazy\" decoding=\"async\" class=\"aligncenter size-full wp-image-451\" src=\"https:\/\/trendinguzeli.com\/ikinciel\/wp-content\/uploads\/2024\/07\/300-kg-dijital-sifir-teraziler-1.png\" alt=\"\" width=\"985\" height=\"622\" title=\"\" srcset=\"https:\/\/trendinguzeli.com\/ikinciel\/wp-content\/uploads\/2024\/07\/300-kg-dijital-sifir-teraziler-1.png 985w, https:\/\/trendinguzeli.com\/ikinciel\/wp-content\/uploads\/2024\/07\/300-kg-dijital-sifir-teraziler-1-300x189.png 300w, https:\/\/trendinguzeli.com\/ikinciel\/wp-content\/uploads\/2024\/07\/300-kg-dijital-sifir-teraziler-1-768x485.png 768w, https:\/\/trendinguzeli.com\/ikinciel\/wp-content\/uploads\/2024\/07\/300-kg-dijital-sifir-teraziler-1-600x379.png 600w\" sizes=\"auto, (max-width: 985px) 100vw, 985px\" \/> <img loading=\"lazy\" decoding=\"async\" class=\"aligncenter size-full wp-image-452\" src=\"https:\/\/trendinguzeli.com\/ikinciel\/wp-content\/uploads\/2024\/07\/300-kg-dijital-sifir-teraziler-2.png\" alt=\"\" width=\"788\" height=\"626\" title=\"\" srcset=\"https:\/\/trendinguzeli.com\/ikinciel\/wp-content\/uploads\/2024\/07\/300-kg-dijital-sifir-teraziler-2.png 788w, https:\/\/trendinguzeli.com\/ikinciel\/wp-content\/uploads\/2024\/07\/300-kg-dijital-sifir-teraziler-2-300x238.png 300w, https:\/\/trendinguzeli.com\/ikinciel\/wp-content\/uploads\/2024\/07\/300-kg-dijital-sifir-teraziler-2-768x610.png 768w, https:\/\/trendinguzeli.com\/ikinciel\/wp-content\/uploads\/2024\/07\/300-kg-dijital-sifir-teraziler-2-600x477.png 600w\" sizes=\"auto, (max-width: 788px) 100vw, 788px\" \/><\/p>\n","protected":false},"excerpt":{"rendered":"<p><strong>300 kg dijital s\u0131f\u0131r teraziler Kantar Tart\u0131 ka\u00e7 TL 300 kg?<\/strong><br \/>\nHassas terazi Zero ne demek?<br \/>\nKuyumcu terazisi nereden al\u0131n\u0131r?<br \/>\nElektronik teraziler nesnelerin a\u011f\u0131rl\u0131\u011f\u0131n\u0131 okuyan ve \u00f6l\u00e7en cihazlard\u0131r. Elektronik di\u011fer ad\u0131yla dijital teraziler daha hassas Hassas elektronik boyunlu fiyat hesaplamal\u0131 \u015farjl\u0131 terazi tart\u0131 \u00f6l\u00e7\u00fcm yapma \u00f6zelli\u011fine sahiptir<\/p>\n","protected":false},"featured_media":452,"template":"","meta":[],"product_brand":[],"product_cat":[15,31],"product_tag":[],"class_list":{"0":"post-449","1":"product","2":"type-product","3":"status-publish","4":"has-post-thumbnail","6":"product_cat-ikinci-el-esya","7":"product_cat-ikinci-el-is-makineleri","9":"first","10":"instock","11":"sale","12":"shipping-taxable","13":"purchasable","14":"product-type-simple"},"_links":{"self":[{"href":"https:\/\/trendinguzeli.com\/ikinciel\/wp-json\/wp\/v2\/product\/449","targetHints":{"allow":["GET"]}}],"collection":[{"href":"https:\/\/trendinguzeli.com\/ikinciel\/wp-json\/wp\/v2\/product"}],"about":[{"href":"https:\/\/trendinguzeli.com\/ikinciel\/wp-json\/wp\/v2\/types\/product"}],"wp:featuredmedia":[{"embeddable":true,"href":"https:\/\/trendinguzeli.com\/ikinciel\/wp-json\/wp\/v2\/media\/452"}],"wp:attachment":[{"href":"https:\/\/trendinguzeli.com\/ikinciel\/wp-json\/wp\/v2\/media?parent=449"}],"wp:term":[{"taxonomy":"product_brand","embeddable":true,"href":"https:\/\/trendinguzeli.com\/ikinciel\/wp-json\/wp\/v2\/product_brand?post=449"},{"taxonomy":"product_cat","embeddable":true,"href":"https:\/\/trendinguzeli.com\/ikinciel\/wp-json\/wp\/v2\/product_cat?post=449"},{"taxonomy":"product_tag","embeddable":true,"href":"https:\/\/trendinguzeli.com\/ikinciel\/wp-json\/wp\/v2\/product_tag?post=449"}],"curies":[{"name":"wp","href":"https:\/\/api.w.org\/{rel}","templated":true}]}}