{"id":453,"date":"2024-07-18T16:12:53","date_gmt":"2024-07-18T13:12:53","guid":{"rendered":"https:\/\/trendinguzeli.com\/ikinciel\/?post_type=product&#038;p=453"},"modified":"2024-07-18T16:12:53","modified_gmt":"2024-07-18T13:12:53","slug":"vinc-uzaktan-kumandasi-saglam-vincleri-uzaktan-calistirmak-icin-kumanda","status":"publish","type":"product","link":"https:\/\/trendinguzeli.com\/ikinciel\/urun\/vinc-uzaktan-kumandasi-saglam-vincleri-uzaktan-calistirmak-icin-kumanda\/","title":{"rendered":"Vin\u00e7 uzaktan kumandas\u0131 sa\u011flam vin\u00e7leri uzaktan \u00e7al\u0131\u015ft\u0131rmak i\u00e7in kumanda"},"content":{"rendered":"<p><img loading=\"lazy\" decoding=\"async\" src=\"https:\/\/trendinguzeli.com\/ikinciel\/wp-content\/uploads\/2024\/07\/Vinc-uzaktan-kumandasi-2.png\" alt=\"\" width=\"626\" height=\"561\" class=\"aligncenter size-full wp-image-454\" title=\"\" srcset=\"https:\/\/trendinguzeli.com\/ikinciel\/wp-content\/uploads\/2024\/07\/Vinc-uzaktan-kumandasi-2.png 626w, https:\/\/trendinguzeli.com\/ikinciel\/wp-content\/uploads\/2024\/07\/Vinc-uzaktan-kumandasi-2-300x269.png 300w, https:\/\/trendinguzeli.com\/ikinciel\/wp-content\/uploads\/2024\/07\/Vinc-uzaktan-kumandasi-2-600x538.png 600w\" sizes=\"auto, (max-width: 626px) 100vw, 626px\" \/><\/p>\n<p><img loading=\"lazy\" decoding=\"async\" src=\"https:\/\/trendinguzeli.com\/ikinciel\/wp-content\/uploads\/2024\/07\/Vinc-uzaktan-kumandasi-3.png\" alt=\"\" width=\"986\" height=\"628\" class=\"aligncenter size-full wp-image-455\" title=\"\" srcset=\"https:\/\/trendinguzeli.com\/ikinciel\/wp-content\/uploads\/2024\/07\/Vinc-uzaktan-kumandasi-3.png 986w, https:\/\/trendinguzeli.com\/ikinciel\/wp-content\/uploads\/2024\/07\/Vinc-uzaktan-kumandasi-3-300x191.png 300w, https:\/\/trendinguzeli.com\/ikinciel\/wp-content\/uploads\/2024\/07\/Vinc-uzaktan-kumandasi-3-768x489.png 768w, https:\/\/trendinguzeli.com\/ikinciel\/wp-content\/uploads\/2024\/07\/Vinc-uzaktan-kumandasi-3-600x382.png 600w\" sizes=\"auto, (max-width: 986px) 100vw, 986px\" \/><\/p>\n<p><img loading=\"lazy\" decoding=\"async\" src=\"https:\/\/trendinguzeli.com\/ikinciel\/wp-content\/uploads\/2024\/07\/Vinc-uzaktan-kumandasi-1.png\" alt=\"\" width=\"982\" height=\"623\" class=\"aligncenter size-full wp-image-456\" title=\"\" srcset=\"https:\/\/trendinguzeli.com\/ikinciel\/wp-content\/uploads\/2024\/07\/Vinc-uzaktan-kumandasi-1.png 982w, https:\/\/trendinguzeli.com\/ikinciel\/wp-content\/uploads\/2024\/07\/Vinc-uzaktan-kumandasi-1-300x190.png 300w, https:\/\/trendinguzeli.com\/ikinciel\/wp-content\/uploads\/2024\/07\/Vinc-uzaktan-kumandasi-1-768x487.png 768w, https:\/\/trendinguzeli.com\/ikinciel\/wp-content\/uploads\/2024\/07\/Vinc-uzaktan-kumandasi-1-600x381.png 600w\" sizes=\"auto, (max-width: 982px) 100vw, 982px\" \/><\/p>\n","protected":false},"excerpt":{"rendered":"<p>Vin\u00e7 uzaktan kumandas\u0131 QUATRO Vin\u00e7 Tambur Kumandas\u0131 EN X6-S1\/6 Buton Vin\u00e7 Uzaktan Kumanda Seti konstr\u00fcksiyon vin\u00e7lerde, k\u00f6pr\u00fcl\u00fc vin\u00e7lerde ve ayr\u0131ca \u00f6zel uygulamalarda kullan\u0131lmak \u00c7iftli Uzaktan Kumanda \u00b7 1.475,00 TL ; Otomatik Sera Elektirikli Vin\u00e7 Kumandas\u0131<\/p>\n","protected":false},"featured_media":456,"template":"","meta":[],"product_brand":[],"product_cat":[31],"product_tag":[],"class_list":{"0":"post-453","1":"product","2":"type-product","3":"status-publish","4":"has-post-thumbnail","6":"product_cat-ikinci-el-is-makineleri","8":"first","9":"instock","10":"sale","11":"shipping-taxable","12":"purchasable","13":"product-type-simple"},"_links":{"self":[{"href":"https:\/\/trendinguzeli.com\/ikinciel\/wp-json\/wp\/v2\/product\/453","targetHints":{"allow":["GET"]}}],"collection":[{"href":"https:\/\/trendinguzeli.com\/ikinciel\/wp-json\/wp\/v2\/product"}],"about":[{"href":"https:\/\/trendinguzeli.com\/ikinciel\/wp-json\/wp\/v2\/types\/product"}],"wp:featuredmedia":[{"embeddable":true,"href":"https:\/\/trendinguzeli.com\/ikinciel\/wp-json\/wp\/v2\/media\/456"}],"wp:attachment":[{"href":"https:\/\/trendinguzeli.com\/ikinciel\/wp-json\/wp\/v2\/media?parent=453"}],"wp:term":[{"taxonomy":"product_brand","embeddable":true,"href":"https:\/\/trendinguzeli.com\/ikinciel\/wp-json\/wp\/v2\/product_brand?post=453"},{"taxonomy":"product_cat","embeddable":true,"href":"https:\/\/trendinguzeli.com\/ikinciel\/wp-json\/wp\/v2\/product_cat?post=453"},{"taxonomy":"product_tag","embeddable":true,"href":"https:\/\/trendinguzeli.com\/ikinciel\/wp-json\/wp\/v2\/product_tag?post=453"}],"curies":[{"name":"wp","href":"https:\/\/api.w.org\/{rel}","templated":true}]}}