{"id":462,"date":"2024-07-19T15:23:05","date_gmt":"2024-07-19T12:23:05","guid":{"rendered":"https:\/\/trendinguzeli.com\/ikinciel\/?post_type=product&#038;p=462"},"modified":"2024-07-19T15:23:05","modified_gmt":"2024-07-19T12:23:05","slug":"cikma-demir-profil-farkli-boyutlarda-uretilebilmeleri-sayesinde","status":"publish","type":"product","link":"https:\/\/trendinguzeli.com\/ikinciel\/urun\/cikma-demir-profil-farkli-boyutlarda-uretilebilmeleri-sayesinde\/","title":{"rendered":"\u00c7\u0131kma demir profil farkl\u0131 boyutlarda \u00fcretilebilmeleri sayesinde"},"content":{"rendered":"<p><img loading=\"lazy\" decoding=\"async\" src=\"https:\/\/trendinguzeli.com\/ikinciel\/wp-content\/uploads\/2024\/07\/cikma-demir-profil-3.png\" alt=\"\" width=\"946\" height=\"630\" class=\"aligncenter size-full wp-image-463\" title=\"\" srcset=\"https:\/\/trendinguzeli.com\/ikinciel\/wp-content\/uploads\/2024\/07\/cikma-demir-profil-3.png 946w, https:\/\/trendinguzeli.com\/ikinciel\/wp-content\/uploads\/2024\/07\/cikma-demir-profil-3-300x200.png 300w, https:\/\/trendinguzeli.com\/ikinciel\/wp-content\/uploads\/2024\/07\/cikma-demir-profil-3-768x511.png 768w, https:\/\/trendinguzeli.com\/ikinciel\/wp-content\/uploads\/2024\/07\/cikma-demir-profil-3-600x400.png 600w\" sizes=\"auto, (max-width: 946px) 100vw, 946px\" \/><\/p>\n<p><img loading=\"lazy\" decoding=\"async\" src=\"https:\/\/trendinguzeli.com\/ikinciel\/wp-content\/uploads\/2024\/07\/cikma-demir-profil-1.png\" alt=\"\" width=\"745\" height=\"622\" class=\"aligncenter size-full wp-image-464\" title=\"\" srcset=\"https:\/\/trendinguzeli.com\/ikinciel\/wp-content\/uploads\/2024\/07\/cikma-demir-profil-1.png 745w, https:\/\/trendinguzeli.com\/ikinciel\/wp-content\/uploads\/2024\/07\/cikma-demir-profil-1-300x250.png 300w, https:\/\/trendinguzeli.com\/ikinciel\/wp-content\/uploads\/2024\/07\/cikma-demir-profil-1-600x501.png 600w\" sizes=\"auto, (max-width: 745px) 100vw, 745px\" \/><\/p>\n<p><img loading=\"lazy\" decoding=\"async\" src=\"https:\/\/trendinguzeli.com\/ikinciel\/wp-content\/uploads\/2024\/07\/cikma-demir-profil-2.png\" alt=\"\" width=\"822\" height=\"628\" class=\"aligncenter size-full wp-image-465\" title=\"\" srcset=\"https:\/\/trendinguzeli.com\/ikinciel\/wp-content\/uploads\/2024\/07\/cikma-demir-profil-2.png 822w, https:\/\/trendinguzeli.com\/ikinciel\/wp-content\/uploads\/2024\/07\/cikma-demir-profil-2-300x229.png 300w, https:\/\/trendinguzeli.com\/ikinciel\/wp-content\/uploads\/2024\/07\/cikma-demir-profil-2-768x587.png 768w, https:\/\/trendinguzeli.com\/ikinciel\/wp-content\/uploads\/2024\/07\/cikma-demir-profil-2-600x458.png 600w\" sizes=\"auto, (max-width: 822px) 100vw, 822px\" \/><\/p>\n","protected":false},"excerpt":{"rendered":"<p>\u00e7\u0131kma demir profil Demir profiller, dayan\u0131kl\u0131 2 El profil Fiyatlar\u0131 sahibinden<br \/>\nHurda profil sahibinden<br \/>\nSahibinden Sat\u0131l\u0131k profil olmalar\u0131 Bana en yak\u0131n demir profil hurdac\u0131 nerde? diye sorarsan\u0131z biz b\u00f6lgesine hizmet veriyoruz. ve farkl\u0131 boyutlarda \u00fcretilebilmeleri sayesinde geni\u015f bir kullan\u0131m alan\u0131na sahiptir. <\/p>\n","protected":false},"featured_media":465,"template":"","meta":[],"product_brand":[],"product_cat":[15],"product_tag":[],"class_list":{"0":"post-462","1":"product","2":"type-product","3":"status-publish","4":"has-post-thumbnail","6":"product_cat-ikinci-el-esya","8":"first","9":"instock","10":"sale","11":"shipping-taxable","12":"purchasable","13":"product-type-simple"},"_links":{"self":[{"href":"https:\/\/trendinguzeli.com\/ikinciel\/wp-json\/wp\/v2\/product\/462","targetHints":{"allow":["GET"]}}],"collection":[{"href":"https:\/\/trendinguzeli.com\/ikinciel\/wp-json\/wp\/v2\/product"}],"about":[{"href":"https:\/\/trendinguzeli.com\/ikinciel\/wp-json\/wp\/v2\/types\/product"}],"wp:featuredmedia":[{"embeddable":true,"href":"https:\/\/trendinguzeli.com\/ikinciel\/wp-json\/wp\/v2\/media\/465"}],"wp:attachment":[{"href":"https:\/\/trendinguzeli.com\/ikinciel\/wp-json\/wp\/v2\/media?parent=462"}],"wp:term":[{"taxonomy":"product_brand","embeddable":true,"href":"https:\/\/trendinguzeli.com\/ikinciel\/wp-json\/wp\/v2\/product_brand?post=462"},{"taxonomy":"product_cat","embeddable":true,"href":"https:\/\/trendinguzeli.com\/ikinciel\/wp-json\/wp\/v2\/product_cat?post=462"},{"taxonomy":"product_tag","embeddable":true,"href":"https:\/\/trendinguzeli.com\/ikinciel\/wp-json\/wp\/v2\/product_tag?post=462"}],"curies":[{"name":"wp","href":"https:\/\/api.w.org\/{rel}","templated":true}]}}