{"id":472,"date":"2024-07-23T15:21:36","date_gmt":"2024-07-23T12:21:36","guid":{"rendered":"https:\/\/trendinguzeli.com\/ikinciel\/?post_type=product&#038;p=472"},"modified":"2024-07-23T15:21:36","modified_gmt":"2024-07-23T12:21:36","slug":"cikma-sandvic-panel-tertemiz-cati-kaplama-malzemesi","status":"publish","type":"product","link":"https:\/\/trendinguzeli.com\/ikinciel\/urun\/cikma-sandvic-panel-tertemiz-cati-kaplama-malzemesi\/","title":{"rendered":"\u00c7\u0131kma sandvi\u00e7 panel tertemiz \u00e7at\u0131 kaplama malzemesi"},"content":{"rendered":"<p><img loading=\"lazy\" decoding=\"async\" class=\"aligncenter size-full wp-image-471\" src=\"https:\/\/trendinguzeli.com\/ikinciel\/wp-content\/uploads\/2024\/07\/Cikma-sandvic-panel-2.png\" alt=\"\" width=\"1054\" height=\"632\" title=\"\" srcset=\"https:\/\/trendinguzeli.com\/ikinciel\/wp-content\/uploads\/2024\/07\/Cikma-sandvic-panel-2.png 1054w, https:\/\/trendinguzeli.com\/ikinciel\/wp-content\/uploads\/2024\/07\/Cikma-sandvic-panel-2-300x180.png 300w, https:\/\/trendinguzeli.com\/ikinciel\/wp-content\/uploads\/2024\/07\/Cikma-sandvic-panel-2-1024x614.png 1024w, https:\/\/trendinguzeli.com\/ikinciel\/wp-content\/uploads\/2024\/07\/Cikma-sandvic-panel-2-768x461.png 768w, https:\/\/trendinguzeli.com\/ikinciel\/wp-content\/uploads\/2024\/07\/Cikma-sandvic-panel-2-600x360.png 600w\" sizes=\"auto, (max-width: 1054px) 100vw, 1054px\" \/> <img loading=\"lazy\" decoding=\"async\" class=\"aligncenter size-full wp-image-470\" src=\"https:\/\/trendinguzeli.com\/ikinciel\/wp-content\/uploads\/2024\/07\/Cikma-sandvic-panel-1.png\" alt=\"\" width=\"820\" height=\"631\" title=\"\" srcset=\"https:\/\/trendinguzeli.com\/ikinciel\/wp-content\/uploads\/2024\/07\/Cikma-sandvic-panel-1.png 820w, https:\/\/trendinguzeli.com\/ikinciel\/wp-content\/uploads\/2024\/07\/Cikma-sandvic-panel-1-300x231.png 300w, https:\/\/trendinguzeli.com\/ikinciel\/wp-content\/uploads\/2024\/07\/Cikma-sandvic-panel-1-768x591.png 768w, https:\/\/trendinguzeli.com\/ikinciel\/wp-content\/uploads\/2024\/07\/Cikma-sandvic-panel-1-600x462.png 600w\" sizes=\"auto, (max-width: 820px) 100vw, 820px\" \/> <img loading=\"lazy\" decoding=\"async\" class=\"aligncenter size-full wp-image-469\" src=\"https:\/\/trendinguzeli.com\/ikinciel\/wp-content\/uploads\/2024\/07\/Cikma-sandvic-panel-3.png\" alt=\"\" width=\"951\" height=\"550\" title=\"\" srcset=\"https:\/\/trendinguzeli.com\/ikinciel\/wp-content\/uploads\/2024\/07\/Cikma-sandvic-panel-3.png 951w, https:\/\/trendinguzeli.com\/ikinciel\/wp-content\/uploads\/2024\/07\/Cikma-sandvic-panel-3-300x174.png 300w, https:\/\/trendinguzeli.com\/ikinciel\/wp-content\/uploads\/2024\/07\/Cikma-sandvic-panel-3-768x444.png 768w, https:\/\/trendinguzeli.com\/ikinciel\/wp-content\/uploads\/2024\/07\/Cikma-sandvic-panel-3-600x347.png 600w\" sizes=\"auto, (max-width: 951px) 100vw, 951px\" \/><\/p>\n","protected":false},"excerpt":{"rendered":"<p>\u00c7\u0131kma sandvi\u00e7 panel tertemiz \u00e7at\u0131 kaplama malzemesi SANDV\u0130\u00c7 \u00c7ATI En iyi hizmeti sunabilmemiz i\u00e7in kaliteli \u00fcr\u00fcn ve hizmet anlay\u0131\u015f\u0131n\u0131 \u00f6n planda VE CEPHE PANELLER\u0130 4 CM. 270 TL. \u0130stanbul, Sancaktepe ; 4 CM 0,30 SAC KALINLI\u011eI \u0130LE SANDV\u0130\u00c7 \u00c7ATI PANEL\u0130 1mt ,si 370TL. 370 TL 2.el sandvi\u00e7 panel letgo<br \/>\n2.el sandvi\u00e7 panel fiyatlar\u0131<\/p>\n","protected":false},"featured_media":471,"template":"","meta":[],"product_brand":[],"product_cat":[15],"product_tag":[],"class_list":{"0":"post-472","1":"product","2":"type-product","3":"status-publish","4":"has-post-thumbnail","6":"product_cat-ikinci-el-esya","8":"first","9":"instock","10":"sale","11":"shipping-taxable","12":"purchasable","13":"product-type-simple"},"_links":{"self":[{"href":"https:\/\/trendinguzeli.com\/ikinciel\/wp-json\/wp\/v2\/product\/472","targetHints":{"allow":["GET"]}}],"collection":[{"href":"https:\/\/trendinguzeli.com\/ikinciel\/wp-json\/wp\/v2\/product"}],"about":[{"href":"https:\/\/trendinguzeli.com\/ikinciel\/wp-json\/wp\/v2\/types\/product"}],"wp:featuredmedia":[{"embeddable":true,"href":"https:\/\/trendinguzeli.com\/ikinciel\/wp-json\/wp\/v2\/media\/471"}],"wp:attachment":[{"href":"https:\/\/trendinguzeli.com\/ikinciel\/wp-json\/wp\/v2\/media?parent=472"}],"wp:term":[{"taxonomy":"product_brand","embeddable":true,"href":"https:\/\/trendinguzeli.com\/ikinciel\/wp-json\/wp\/v2\/product_brand?post=472"},{"taxonomy":"product_cat","embeddable":true,"href":"https:\/\/trendinguzeli.com\/ikinciel\/wp-json\/wp\/v2\/product_cat?post=472"},{"taxonomy":"product_tag","embeddable":true,"href":"https:\/\/trendinguzeli.com\/ikinciel\/wp-json\/wp\/v2\/product_tag?post=472"}],"curies":[{"name":"wp","href":"https:\/\/api.w.org\/{rel}","templated":true}]}}