{"id":480,"date":"2024-08-01T07:52:07","date_gmt":"2024-08-01T04:52:07","guid":{"rendered":"https:\/\/trendinguzeli.com\/ikinciel\/?post_type=product&#038;p=480"},"modified":"2024-08-01T07:52:07","modified_gmt":"2024-08-01T04:52:07","slug":"ikea-soderhamn-3-lu-kanepe-ve-uzanma-koltugu-az-kullanildi-saglam","status":"publish","type":"product","link":"https:\/\/trendinguzeli.com\/ikinciel\/urun\/ikea-soderhamn-3-lu-kanepe-ve-uzanma-koltugu-az-kullanildi-saglam\/","title":{"rendered":"IKEA SODERHAMN 3 L\u00dc KANEPE VE UZANMA KOLTU\u011eU AZ KULLANILDI SA\u011eLAM"},"content":{"rendered":"<p><img loading=\"lazy\" decoding=\"async\" class=\"aligncenter size-full wp-image-481\" src=\"https:\/\/trendinguzeli.com\/ikinciel\/wp-content\/uploads\/2024\/08\/IKEA-SODERHAMN-3-LU-KANEPE-VE-UZANMA-KOLTUGU-4.png\" alt=\"\" width=\"851\" height=\"630\" title=\"\" srcset=\"https:\/\/trendinguzeli.com\/ikinciel\/wp-content\/uploads\/2024\/08\/IKEA-SODERHAMN-3-LU-KANEPE-VE-UZANMA-KOLTUGU-4.png 851w, https:\/\/trendinguzeli.com\/ikinciel\/wp-content\/uploads\/2024\/08\/IKEA-SODERHAMN-3-LU-KANEPE-VE-UZANMA-KOLTUGU-4-300x222.png 300w, https:\/\/trendinguzeli.com\/ikinciel\/wp-content\/uploads\/2024\/08\/IKEA-SODERHAMN-3-LU-KANEPE-VE-UZANMA-KOLTUGU-4-768x569.png 768w, https:\/\/trendinguzeli.com\/ikinciel\/wp-content\/uploads\/2024\/08\/IKEA-SODERHAMN-3-LU-KANEPE-VE-UZANMA-KOLTUGU-4-600x444.png 600w\" sizes=\"auto, (max-width: 851px) 100vw, 851px\" \/> <img loading=\"lazy\" decoding=\"async\" class=\"aligncenter size-full wp-image-482\" src=\"https:\/\/trendinguzeli.com\/ikinciel\/wp-content\/uploads\/2024\/08\/IKEA-SODERHAMN-3-LU-KANEPE-VE-UZANMA-KOLTUGU-1.png\" alt=\"\" width=\"966\" height=\"633\" title=\"\" srcset=\"https:\/\/trendinguzeli.com\/ikinciel\/wp-content\/uploads\/2024\/08\/IKEA-SODERHAMN-3-LU-KANEPE-VE-UZANMA-KOLTUGU-1.png 966w, https:\/\/trendinguzeli.com\/ikinciel\/wp-content\/uploads\/2024\/08\/IKEA-SODERHAMN-3-LU-KANEPE-VE-UZANMA-KOLTUGU-1-300x197.png 300w, https:\/\/trendinguzeli.com\/ikinciel\/wp-content\/uploads\/2024\/08\/IKEA-SODERHAMN-3-LU-KANEPE-VE-UZANMA-KOLTUGU-1-768x503.png 768w, https:\/\/trendinguzeli.com\/ikinciel\/wp-content\/uploads\/2024\/08\/IKEA-SODERHAMN-3-LU-KANEPE-VE-UZANMA-KOLTUGU-1-600x393.png 600w\" sizes=\"auto, (max-width: 966px) 100vw, 966px\" \/> <img loading=\"lazy\" decoding=\"async\" class=\"aligncenter size-full wp-image-483\" src=\"https:\/\/trendinguzeli.com\/ikinciel\/wp-content\/uploads\/2024\/08\/IKEA-SODERHAMN-3-LU-KANEPE-VE-UZANMA-KOLTUGU-2.png\" alt=\"\" width=\"965\" height=\"626\" title=\"\" srcset=\"https:\/\/trendinguzeli.com\/ikinciel\/wp-content\/uploads\/2024\/08\/IKEA-SODERHAMN-3-LU-KANEPE-VE-UZANMA-KOLTUGU-2.png 965w, https:\/\/trendinguzeli.com\/ikinciel\/wp-content\/uploads\/2024\/08\/IKEA-SODERHAMN-3-LU-KANEPE-VE-UZANMA-KOLTUGU-2-300x195.png 300w, https:\/\/trendinguzeli.com\/ikinciel\/wp-content\/uploads\/2024\/08\/IKEA-SODERHAMN-3-LU-KANEPE-VE-UZANMA-KOLTUGU-2-768x498.png 768w, https:\/\/trendinguzeli.com\/ikinciel\/wp-content\/uploads\/2024\/08\/IKEA-SODERHAMN-3-LU-KANEPE-VE-UZANMA-KOLTUGU-2-600x389.png 600w\" sizes=\"auto, (max-width: 965px) 100vw, 965px\" \/> <img loading=\"lazy\" decoding=\"async\" class=\"aligncenter size-full wp-image-484\" src=\"https:\/\/trendinguzeli.com\/ikinciel\/wp-content\/uploads\/2024\/08\/IKEA-SODERHAMN-3-LU-KANEPE-VE-UZANMA-KOLTUGU-3.png\" alt=\"\" width=\"971\" height=\"635\" title=\"\" srcset=\"https:\/\/trendinguzeli.com\/ikinciel\/wp-content\/uploads\/2024\/08\/IKEA-SODERHAMN-3-LU-KANEPE-VE-UZANMA-KOLTUGU-3.png 971w, https:\/\/trendinguzeli.com\/ikinciel\/wp-content\/uploads\/2024\/08\/IKEA-SODERHAMN-3-LU-KANEPE-VE-UZANMA-KOLTUGU-3-300x196.png 300w, https:\/\/trendinguzeli.com\/ikinciel\/wp-content\/uploads\/2024\/08\/IKEA-SODERHAMN-3-LU-KANEPE-VE-UZANMA-KOLTUGU-3-768x502.png 768w, https:\/\/trendinguzeli.com\/ikinciel\/wp-content\/uploads\/2024\/08\/IKEA-SODERHAMN-3-LU-KANEPE-VE-UZANMA-KOLTUGU-3-600x392.png 600w\" sizes=\"auto, (max-width: 971px) 100vw, 971px\" \/><\/p>\n","protected":false},"excerpt":{"rendered":"<p>IKEA SODERHAMN 3 L\u00dc KANEPE VE UZANMA KOLTU\u011eU S\u00d6DERHAMN Viarp Bej-kahverengi 3&#8217;l\u00fc S\u00d6DERHAMN serisi derin, al\u00e7ak ve yumu\u015fak bir oturu\u015f ile ekstra destek sa\u011flayan yumu\u015fak ve kanepe ve uzanma koltu\u011fu &#8211; 99305827 ve birbirinden \u00e7e\u015fitli \u00fcr\u00fcnler ve fiyatlar\u0131 IKEA&#8217;da<\/p>\n","protected":false},"featured_media":481,"template":"","meta":[],"product_brand":[],"product_cat":[32],"product_tag":[36],"class_list":{"0":"post-480","1":"product","2":"type-product","3":"status-publish","4":"has-post-thumbnail","6":"product_cat-ikinci-el-mobilya","7":"product_tag-ikinci-el-koltuk-kanepe","9":"first","10":"instock","11":"sale","12":"shipping-taxable","13":"purchasable","14":"product-type-simple"},"_links":{"self":[{"href":"https:\/\/trendinguzeli.com\/ikinciel\/wp-json\/wp\/v2\/product\/480","targetHints":{"allow":["GET"]}}],"collection":[{"href":"https:\/\/trendinguzeli.com\/ikinciel\/wp-json\/wp\/v2\/product"}],"about":[{"href":"https:\/\/trendinguzeli.com\/ikinciel\/wp-json\/wp\/v2\/types\/product"}],"wp:featuredmedia":[{"embeddable":true,"href":"https:\/\/trendinguzeli.com\/ikinciel\/wp-json\/wp\/v2\/media\/481"}],"wp:attachment":[{"href":"https:\/\/trendinguzeli.com\/ikinciel\/wp-json\/wp\/v2\/media?parent=480"}],"wp:term":[{"taxonomy":"product_brand","embeddable":true,"href":"https:\/\/trendinguzeli.com\/ikinciel\/wp-json\/wp\/v2\/product_brand?post=480"},{"taxonomy":"product_cat","embeddable":true,"href":"https:\/\/trendinguzeli.com\/ikinciel\/wp-json\/wp\/v2\/product_cat?post=480"},{"taxonomy":"product_tag","embeddable":true,"href":"https:\/\/trendinguzeli.com\/ikinciel\/wp-json\/wp\/v2\/product_tag?post=480"}],"curies":[{"name":"wp","href":"https:\/\/api.w.org\/{rel}","templated":true}]}}