{"id":486,"date":"2024-08-05T09:37:33","date_gmt":"2024-08-05T06:37:33","guid":{"rendered":"https:\/\/trendinguzeli.com\/ikinciel\/?post_type=product&#038;p=486"},"modified":"2024-08-05T09:37:33","modified_gmt":"2024-08-05T06:37:33","slug":"satilik-bos-kova-her-ebatta-bos-temiz-cikma-plastik-kova-satiliktir","status":"publish","type":"product","link":"https:\/\/trendinguzeli.com\/ikinciel\/urun\/satilik-bos-kova-her-ebatta-bos-temiz-cikma-plastik-kova-satiliktir\/","title":{"rendered":"Sat\u0131l\u0131k bo\u015f kova her ebatta bo\u015f temiz \u00e7\u0131kma plastik kova sat\u0131l\u0131kt\u0131r"},"content":{"rendered":"<p><img loading=\"lazy\" decoding=\"async\" src=\"https:\/\/trendinguzeli.com\/ikinciel\/wp-content\/uploads\/2024\/08\/Satilik-bos-kova-her-ebatta-3.png\" alt=\"\" width=\"876\" height=\"616\" class=\"aligncenter size-full wp-image-487\" title=\"\" srcset=\"https:\/\/trendinguzeli.com\/ikinciel\/wp-content\/uploads\/2024\/08\/Satilik-bos-kova-her-ebatta-3.png 876w, https:\/\/trendinguzeli.com\/ikinciel\/wp-content\/uploads\/2024\/08\/Satilik-bos-kova-her-ebatta-3-300x211.png 300w, https:\/\/trendinguzeli.com\/ikinciel\/wp-content\/uploads\/2024\/08\/Satilik-bos-kova-her-ebatta-3-768x540.png 768w, https:\/\/trendinguzeli.com\/ikinciel\/wp-content\/uploads\/2024\/08\/Satilik-bos-kova-her-ebatta-3-600x422.png 600w\" sizes=\"auto, (max-width: 876px) 100vw, 876px\" \/><\/p>\n<p><img loading=\"lazy\" decoding=\"async\" src=\"https:\/\/trendinguzeli.com\/ikinciel\/wp-content\/uploads\/2024\/08\/Satilik-bos-kova-her-ebatta-1.png\" alt=\"\" width=\"827\" height=\"612\" class=\"aligncenter size-full wp-image-488\" title=\"\" srcset=\"https:\/\/trendinguzeli.com\/ikinciel\/wp-content\/uploads\/2024\/08\/Satilik-bos-kova-her-ebatta-1.png 827w, https:\/\/trendinguzeli.com\/ikinciel\/wp-content\/uploads\/2024\/08\/Satilik-bos-kova-her-ebatta-1-300x222.png 300w, https:\/\/trendinguzeli.com\/ikinciel\/wp-content\/uploads\/2024\/08\/Satilik-bos-kova-her-ebatta-1-768x568.png 768w, https:\/\/trendinguzeli.com\/ikinciel\/wp-content\/uploads\/2024\/08\/Satilik-bos-kova-her-ebatta-1-600x444.png 600w\" sizes=\"auto, (max-width: 827px) 100vw, 827px\" \/><\/p>\n<p><img loading=\"lazy\" decoding=\"async\" src=\"https:\/\/trendinguzeli.com\/ikinciel\/wp-content\/uploads\/2024\/08\/Satilik-bos-kova-her-ebatta-2.png\" alt=\"\" width=\"875\" height=\"613\" class=\"aligncenter size-full wp-image-489\" title=\"\" srcset=\"https:\/\/trendinguzeli.com\/ikinciel\/wp-content\/uploads\/2024\/08\/Satilik-bos-kova-her-ebatta-2.png 875w, https:\/\/trendinguzeli.com\/ikinciel\/wp-content\/uploads\/2024\/08\/Satilik-bos-kova-her-ebatta-2-300x210.png 300w, https:\/\/trendinguzeli.com\/ikinciel\/wp-content\/uploads\/2024\/08\/Satilik-bos-kova-her-ebatta-2-768x538.png 768w, https:\/\/trendinguzeli.com\/ikinciel\/wp-content\/uploads\/2024\/08\/Satilik-bos-kova-her-ebatta-2-600x420.png 600w\" sizes=\"auto, (max-width: 875px) 100vw, 875px\" \/><\/p>\n","protected":false},"excerpt":{"rendered":"<p>Sat\u0131l\u0131k bo\u015f kova her ebatta Bo\u015f koli adrese teslim her ebatta bo\u015f koli karton ta\u015f\u0131nma kutusu #1166401316 &#8230; kapakl\u0131 bo\u015f kova 2.el koli,ikinci el koli,\u00e7\u0131kma koli,mukava koli \u00e7\u0131kma karton kutu kapakl\u0131 bo\u015f kova. 15 TL<\/p>\n","protected":false},"featured_media":489,"template":"","meta":[],"product_brand":[],"product_cat":[15],"product_tag":[],"class_list":{"0":"post-486","1":"product","2":"type-product","3":"status-publish","4":"has-post-thumbnail","6":"product_cat-ikinci-el-esya","8":"first","9":"instock","10":"sale","11":"shipping-taxable","12":"purchasable","13":"product-type-simple"},"_links":{"self":[{"href":"https:\/\/trendinguzeli.com\/ikinciel\/wp-json\/wp\/v2\/product\/486","targetHints":{"allow":["GET"]}}],"collection":[{"href":"https:\/\/trendinguzeli.com\/ikinciel\/wp-json\/wp\/v2\/product"}],"about":[{"href":"https:\/\/trendinguzeli.com\/ikinciel\/wp-json\/wp\/v2\/types\/product"}],"wp:featuredmedia":[{"embeddable":true,"href":"https:\/\/trendinguzeli.com\/ikinciel\/wp-json\/wp\/v2\/media\/489"}],"wp:attachment":[{"href":"https:\/\/trendinguzeli.com\/ikinciel\/wp-json\/wp\/v2\/media?parent=486"}],"wp:term":[{"taxonomy":"product_brand","embeddable":true,"href":"https:\/\/trendinguzeli.com\/ikinciel\/wp-json\/wp\/v2\/product_brand?post=486"},{"taxonomy":"product_cat","embeddable":true,"href":"https:\/\/trendinguzeli.com\/ikinciel\/wp-json\/wp\/v2\/product_cat?post=486"},{"taxonomy":"product_tag","embeddable":true,"href":"https:\/\/trendinguzeli.com\/ikinciel\/wp-json\/wp\/v2\/product_tag?post=486"}],"curies":[{"name":"wp","href":"https:\/\/api.w.org\/{rel}","templated":true}]}}