{"id":491,"date":"2024-08-10T10:04:59","date_gmt":"2024-08-10T07:04:59","guid":{"rendered":"https:\/\/trendinguzeli.com\/ikinciel\/?post_type=product&#038;p=491"},"modified":"2024-08-10T10:05:00","modified_gmt":"2024-08-10T07:05:00","slug":"monoblok-sandalye-ogrenci-sira-ve-sandalyesi-5-yil-garantili-okul-ve-egitim-mobilyalari-tum-egitim-kurumlari-icin-standartlara","status":"publish","type":"product","link":"https:\/\/trendinguzeli.com\/ikinciel\/urun\/monoblok-sandalye-ogrenci-sira-ve-sandalyesi-5-yil-garantili-okul-ve-egitim-mobilyalari-tum-egitim-kurumlari-icin-standartlara\/","title":{"rendered":"Monoblok sandalye, \u00f6\u011frenci s\u0131ra ve sandalyesi. 5 Y\u0131l Garantili Okul ve E\u011fitim Mobilyalar\u0131. T\u00fcm E\u011fitim Kurumlar\u0131 i\u00e7in Standartlara"},"content":{"rendered":"<p><img loading=\"lazy\" decoding=\"async\" src=\"https:\/\/trendinguzeli.com\/ikinciel\/wp-content\/uploads\/2024\/08\/Okul-dershane-sandalyesi-2.png\" alt=\"\" width=\"982\" height=\"624\" class=\"aligncenter size-full wp-image-492\" title=\"\" srcset=\"https:\/\/trendinguzeli.com\/ikinciel\/wp-content\/uploads\/2024\/08\/Okul-dershane-sandalyesi-2.png 982w, https:\/\/trendinguzeli.com\/ikinciel\/wp-content\/uploads\/2024\/08\/Okul-dershane-sandalyesi-2-300x191.png 300w, https:\/\/trendinguzeli.com\/ikinciel\/wp-content\/uploads\/2024\/08\/Okul-dershane-sandalyesi-2-768x488.png 768w, https:\/\/trendinguzeli.com\/ikinciel\/wp-content\/uploads\/2024\/08\/Okul-dershane-sandalyesi-2-600x381.png 600w\" sizes=\"auto, (max-width: 982px) 100vw, 982px\" \/><\/p>\n<p><img loading=\"lazy\" decoding=\"async\" src=\"https:\/\/trendinguzeli.com\/ikinciel\/wp-content\/uploads\/2024\/08\/Okul-dershane-sandalyesi-1.png\" alt=\"\" width=\"989\" height=\"619\" class=\"aligncenter size-full wp-image-493\" title=\"\" srcset=\"https:\/\/trendinguzeli.com\/ikinciel\/wp-content\/uploads\/2024\/08\/Okul-dershane-sandalyesi-1.png 989w, https:\/\/trendinguzeli.com\/ikinciel\/wp-content\/uploads\/2024\/08\/Okul-dershane-sandalyesi-1-300x188.png 300w, https:\/\/trendinguzeli.com\/ikinciel\/wp-content\/uploads\/2024\/08\/Okul-dershane-sandalyesi-1-768x481.png 768w, https:\/\/trendinguzeli.com\/ikinciel\/wp-content\/uploads\/2024\/08\/Okul-dershane-sandalyesi-1-600x376.png 600w\" sizes=\"auto, (max-width: 989px) 100vw, 989px\" \/><\/p>\n","protected":false},"excerpt":{"rendered":"<p>Okul dershane sandalyesi Anaokulu Sandalyesi modelleri ile arad\u0131\u011f\u0131n yeni sezon \u00fcr\u00fcnleri sevdi\u011fin markalarla Monoblok sandalye, \u00f6\u011frenci s\u0131ra ve sandalyesi. 5 Y\u0131l Garantili Okul ve E\u011fitim Mobilyalar\u0131. T\u00fcm E\u011fitim Kurumlar\u0131 i\u00e7in Standartlara \u0130yi durumda olan ikinci el kre\u015f\/ anaokulu malzemeleri sat\u0131l\u0131kt\u0131r.Top havuzu <\/p>\n","protected":false},"featured_media":492,"template":"","meta":[],"product_brand":[],"product_cat":[32],"product_tag":[37],"class_list":{"0":"post-491","1":"product","2":"type-product","3":"status-publish","4":"has-post-thumbnail","6":"product_cat-ikinci-el-mobilya","7":"product_tag-ikinci-el-masa-sandalye","9":"first","10":"instock","11":"sale","12":"shipping-taxable","13":"purchasable","14":"product-type-simple"},"_links":{"self":[{"href":"https:\/\/trendinguzeli.com\/ikinciel\/wp-json\/wp\/v2\/product\/491","targetHints":{"allow":["GET"]}}],"collection":[{"href":"https:\/\/trendinguzeli.com\/ikinciel\/wp-json\/wp\/v2\/product"}],"about":[{"href":"https:\/\/trendinguzeli.com\/ikinciel\/wp-json\/wp\/v2\/types\/product"}],"wp:featuredmedia":[{"embeddable":true,"href":"https:\/\/trendinguzeli.com\/ikinciel\/wp-json\/wp\/v2\/media\/492"}],"wp:attachment":[{"href":"https:\/\/trendinguzeli.com\/ikinciel\/wp-json\/wp\/v2\/media?parent=491"}],"wp:term":[{"taxonomy":"product_brand","embeddable":true,"href":"https:\/\/trendinguzeli.com\/ikinciel\/wp-json\/wp\/v2\/product_brand?post=491"},{"taxonomy":"product_cat","embeddable":true,"href":"https:\/\/trendinguzeli.com\/ikinciel\/wp-json\/wp\/v2\/product_cat?post=491"},{"taxonomy":"product_tag","embeddable":true,"href":"https:\/\/trendinguzeli.com\/ikinciel\/wp-json\/wp\/v2\/product_tag?post=491"}],"curies":[{"name":"wp","href":"https:\/\/api.w.org\/{rel}","templated":true}]}}