{"id":495,"date":"2024-08-17T13:08:57","date_gmt":"2024-08-17T10:08:57","guid":{"rendered":"https:\/\/trendinguzeli.com\/ikinciel\/?post_type=product&#038;p=495"},"modified":"2024-08-17T13:08:57","modified_gmt":"2024-08-17T10:08:57","slug":"paslanmaz-krom-hurdasi-krom-talasi","status":"publish","type":"product","link":"https:\/\/trendinguzeli.com\/ikinciel\/urun\/paslanmaz-krom-hurdasi-krom-talasi\/","title":{"rendered":"PASLANMAZ KROM HURDASI KROM TALA\u015eI"},"content":{"rendered":"<p><img loading=\"lazy\" decoding=\"async\" src=\"https:\/\/trendinguzeli.com\/ikinciel\/wp-content\/uploads\/2024\/08\/PASLANMAZ-KROM-HURDASI-KROM-TALASI-3.png\" alt=\"\" width=\"932\" height=\"615\" class=\"aligncenter size-full wp-image-496\" title=\"\" srcset=\"https:\/\/trendinguzeli.com\/ikinciel\/wp-content\/uploads\/2024\/08\/PASLANMAZ-KROM-HURDASI-KROM-TALASI-3.png 932w, https:\/\/trendinguzeli.com\/ikinciel\/wp-content\/uploads\/2024\/08\/PASLANMAZ-KROM-HURDASI-KROM-TALASI-3-300x198.png 300w, https:\/\/trendinguzeli.com\/ikinciel\/wp-content\/uploads\/2024\/08\/PASLANMAZ-KROM-HURDASI-KROM-TALASI-3-768x507.png 768w, https:\/\/trendinguzeli.com\/ikinciel\/wp-content\/uploads\/2024\/08\/PASLANMAZ-KROM-HURDASI-KROM-TALASI-3-600x396.png 600w\" sizes=\"auto, (max-width: 932px) 100vw, 932px\" \/><\/p>\n<p><img loading=\"lazy\" decoding=\"async\" src=\"https:\/\/trendinguzeli.com\/ikinciel\/wp-content\/uploads\/2024\/08\/PASLANMAZ-KROM-HURDASI-KROM-TALASI-1.png\" alt=\"\" width=\"790\" height=\"625\" class=\"aligncenter size-full wp-image-497\" title=\"\" srcset=\"https:\/\/trendinguzeli.com\/ikinciel\/wp-content\/uploads\/2024\/08\/PASLANMAZ-KROM-HURDASI-KROM-TALASI-1.png 790w, https:\/\/trendinguzeli.com\/ikinciel\/wp-content\/uploads\/2024\/08\/PASLANMAZ-KROM-HURDASI-KROM-TALASI-1-300x237.png 300w, https:\/\/trendinguzeli.com\/ikinciel\/wp-content\/uploads\/2024\/08\/PASLANMAZ-KROM-HURDASI-KROM-TALASI-1-768x608.png 768w, https:\/\/trendinguzeli.com\/ikinciel\/wp-content\/uploads\/2024\/08\/PASLANMAZ-KROM-HURDASI-KROM-TALASI-1-600x475.png 600w\" sizes=\"auto, (max-width: 790px) 100vw, 790px\" \/><\/p>\n<p><img loading=\"lazy\" decoding=\"async\" src=\"https:\/\/trendinguzeli.com\/ikinciel\/wp-content\/uploads\/2024\/08\/PASLANMAZ-KROM-HURDASI-KROM-TALASI-2.png\" alt=\"\" width=\"634\" height=\"625\" class=\"aligncenter size-full wp-image-498\" title=\"\" srcset=\"https:\/\/trendinguzeli.com\/ikinciel\/wp-content\/uploads\/2024\/08\/PASLANMAZ-KROM-HURDASI-KROM-TALASI-2.png 634w, https:\/\/trendinguzeli.com\/ikinciel\/wp-content\/uploads\/2024\/08\/PASLANMAZ-KROM-HURDASI-KROM-TALASI-2-300x296.png 300w, https:\/\/trendinguzeli.com\/ikinciel\/wp-content\/uploads\/2024\/08\/PASLANMAZ-KROM-HURDASI-KROM-TALASI-2-600x591.png 600w, https:\/\/trendinguzeli.com\/ikinciel\/wp-content\/uploads\/2024\/08\/PASLANMAZ-KROM-HURDASI-KROM-TALASI-2-100x100.png 100w\" sizes=\"auto, (max-width: 634px) 100vw, 634px\" \/><\/p>\n","protected":false},"excerpt":{"rendered":"<p>PASLANMAZ KROM HURDASI KROM TALA\u015eI Hurda Bak\u0131r Al\u0131m\u0131 Hurda Paslanmaz (Krom) Fiyatlar\u0131 2024 &#x267b;&#xfe0f; Hurda Paslanmaz (Krom) Krom Hurdas\u0131 bilgi almak ve hurdalar\u0131n\u0131z\u0131 satmak i\u00e7in hemen bize ula\u015fabilirsiniz. Bak\u0131r hurdas\u0131, kablo hurdas\u0131, sar\u0131 hurdas\u0131, al\u00fcminyum hurdas\u0131, demir hurdas\u0131, vs. al\u0131yoruz.<\/p>\n","protected":false},"featured_media":497,"template":"","meta":[],"product_brand":[],"product_cat":[15],"product_tag":[],"class_list":{"0":"post-495","1":"product","2":"type-product","3":"status-publish","4":"has-post-thumbnail","6":"product_cat-ikinci-el-esya","8":"first","9":"instock","10":"sale","11":"shipping-taxable","12":"purchasable","13":"product-type-simple"},"_links":{"self":[{"href":"https:\/\/trendinguzeli.com\/ikinciel\/wp-json\/wp\/v2\/product\/495","targetHints":{"allow":["GET"]}}],"collection":[{"href":"https:\/\/trendinguzeli.com\/ikinciel\/wp-json\/wp\/v2\/product"}],"about":[{"href":"https:\/\/trendinguzeli.com\/ikinciel\/wp-json\/wp\/v2\/types\/product"}],"wp:featuredmedia":[{"embeddable":true,"href":"https:\/\/trendinguzeli.com\/ikinciel\/wp-json\/wp\/v2\/media\/497"}],"wp:attachment":[{"href":"https:\/\/trendinguzeli.com\/ikinciel\/wp-json\/wp\/v2\/media?parent=495"}],"wp:term":[{"taxonomy":"product_brand","embeddable":true,"href":"https:\/\/trendinguzeli.com\/ikinciel\/wp-json\/wp\/v2\/product_brand?post=495"},{"taxonomy":"product_cat","embeddable":true,"href":"https:\/\/trendinguzeli.com\/ikinciel\/wp-json\/wp\/v2\/product_cat?post=495"},{"taxonomy":"product_tag","embeddable":true,"href":"https:\/\/trendinguzeli.com\/ikinciel\/wp-json\/wp\/v2\/product_tag?post=495"}],"curies":[{"name":"wp","href":"https:\/\/api.w.org\/{rel}","templated":true}]}}