{"id":500,"date":"2024-08-22T09:25:56","date_gmt":"2024-08-22T06:25:56","guid":{"rendered":"https:\/\/trendinguzeli.com\/ikinciel\/?post_type=product&#038;p=500"},"modified":"2024-08-22T09:25:56","modified_gmt":"2024-08-22T06:25:56","slug":"trio-kalip-kalip-malzemesi-beton-yuzey-kalitesine-gore-kalip-yuzey","status":"publish","type":"product","link":"https:\/\/trendinguzeli.com\/ikinciel\/urun\/trio-kalip-kalip-malzemesi-beton-yuzey-kalitesine-gore-kalip-yuzey\/","title":{"rendered":"TR\u0130O KALIP-KALIP MALZEMES\u0130 beton y\u00fczey kalitesine g\u00f6re kal\u0131p y\u00fczey"},"content":{"rendered":"<p><img loading=\"lazy\" decoding=\"async\" src=\"https:\/\/trendinguzeli.com\/ikinciel\/wp-content\/uploads\/2024\/08\/TRIO-KALIP-KALIP-MALZEMESI-2.png\" alt=\"\" width=\"980\" height=\"621\" class=\"aligncenter size-full wp-image-501\" title=\"\" srcset=\"https:\/\/trendinguzeli.com\/ikinciel\/wp-content\/uploads\/2024\/08\/TRIO-KALIP-KALIP-MALZEMESI-2.png 980w, https:\/\/trendinguzeli.com\/ikinciel\/wp-content\/uploads\/2024\/08\/TRIO-KALIP-KALIP-MALZEMESI-2-300x190.png 300w, https:\/\/trendinguzeli.com\/ikinciel\/wp-content\/uploads\/2024\/08\/TRIO-KALIP-KALIP-MALZEMESI-2-768x487.png 768w, https:\/\/trendinguzeli.com\/ikinciel\/wp-content\/uploads\/2024\/08\/TRIO-KALIP-KALIP-MALZEMESI-2-600x380.png 600w\" sizes=\"auto, (max-width: 980px) 100vw, 980px\" \/><\/p>\n<p><img loading=\"lazy\" decoding=\"async\" src=\"https:\/\/trendinguzeli.com\/ikinciel\/wp-content\/uploads\/2024\/08\/TRIO-KALIP-KALIP-MALZEMESI-1.png\" alt=\"\" width=\"978\" height=\"622\" class=\"aligncenter size-full wp-image-502\" title=\"\" srcset=\"https:\/\/trendinguzeli.com\/ikinciel\/wp-content\/uploads\/2024\/08\/TRIO-KALIP-KALIP-MALZEMESI-1.png 978w, https:\/\/trendinguzeli.com\/ikinciel\/wp-content\/uploads\/2024\/08\/TRIO-KALIP-KALIP-MALZEMESI-1-300x191.png 300w, https:\/\/trendinguzeli.com\/ikinciel\/wp-content\/uploads\/2024\/08\/TRIO-KALIP-KALIP-MALZEMESI-1-768x488.png 768w, https:\/\/trendinguzeli.com\/ikinciel\/wp-content\/uploads\/2024\/08\/TRIO-KALIP-KALIP-MALZEMESI-1-600x382.png 600w\" sizes=\"auto, (max-width: 978px) 100vw, 978px\" \/><\/p>\n","protected":false},"excerpt":{"rendered":"<p><strong>TR\u0130O KALIP-KALIP MALZEMES\u0130 \u0130kinci el trio panel kal\u0131p sistemleri,<\/strong> end\u00fcstriyel Sahibinden s\u0131f\u0131r ve ikinci el sanayi makineleri, makine imalat\u00e7\u0131lar\u0131 ve al\u0131m sat\u0131m\u0131 yapan kal\u0131plar ile ayn\u0131 amaca y\u00f6nelik kullan\u0131lmaktad\u0131r; fakat kurulum a\u00e7\u0131s\u0131ndan \u00e7ok daha kolay trio kal\u0131p sisteminin s\u0131f\u0131r maliyetleri olduk\u00e7a y\u00fcksektir.bu dayan\u0131kl\u0131 malzemelerin ikinci eli<\/p>\n<p><strong>Kal\u0131p malzemeleri nelerdir?<\/strong><br \/>\nTahta, \u00e7elik, al\u00fcminyum ve plastik genel olarak kal\u0131p \u00fcretiminde kullan\u0131lan malzemelerdir. Kal\u0131p y\u00fczeyi beton ile temas halindedir ve istenen beton y\u00fczey kalitesine g\u00f6re kal\u0131p y\u00fczey se\u00e7imi yap\u0131l\u0131r.<\/p>\n","protected":false},"featured_media":502,"template":"","meta":[],"product_brand":[],"product_cat":[31,15],"product_tag":[],"class_list":{"0":"post-500","1":"product","2":"type-product","3":"status-publish","4":"has-post-thumbnail","6":"product_cat-ikinci-el-is-makineleri","7":"product_cat-ikinci-el-esya","9":"first","10":"instock","11":"sale","12":"shipping-taxable","13":"purchasable","14":"product-type-simple"},"_links":{"self":[{"href":"https:\/\/trendinguzeli.com\/ikinciel\/wp-json\/wp\/v2\/product\/500","targetHints":{"allow":["GET"]}}],"collection":[{"href":"https:\/\/trendinguzeli.com\/ikinciel\/wp-json\/wp\/v2\/product"}],"about":[{"href":"https:\/\/trendinguzeli.com\/ikinciel\/wp-json\/wp\/v2\/types\/product"}],"wp:featuredmedia":[{"embeddable":true,"href":"https:\/\/trendinguzeli.com\/ikinciel\/wp-json\/wp\/v2\/media\/502"}],"wp:attachment":[{"href":"https:\/\/trendinguzeli.com\/ikinciel\/wp-json\/wp\/v2\/media?parent=500"}],"wp:term":[{"taxonomy":"product_brand","embeddable":true,"href":"https:\/\/trendinguzeli.com\/ikinciel\/wp-json\/wp\/v2\/product_brand?post=500"},{"taxonomy":"product_cat","embeddable":true,"href":"https:\/\/trendinguzeli.com\/ikinciel\/wp-json\/wp\/v2\/product_cat?post=500"},{"taxonomy":"product_tag","embeddable":true,"href":"https:\/\/trendinguzeli.com\/ikinciel\/wp-json\/wp\/v2\/product_tag?post=500"}],"curies":[{"name":"wp","href":"https:\/\/api.w.org\/{rel}","templated":true}]}}