{"id":504,"date":"2024-08-26T09:24:31","date_gmt":"2024-08-26T06:24:31","guid":{"rendered":"https:\/\/trendinguzeli.com\/ikinciel\/?post_type=product&#038;p=504"},"modified":"2024-08-26T09:24:32","modified_gmt":"2024-08-26T06:24:32","slug":"cikma-klima-parcalari-motor-fan-vesaite-bir-cok-ikinci-el-klima-parcasi","status":"publish","type":"product","link":"https:\/\/trendinguzeli.com\/ikinciel\/urun\/cikma-klima-parcalari-motor-fan-vesaite-bir-cok-ikinci-el-klima-parcasi\/","title":{"rendered":"\u00c7\u0131kma klima par\u00e7alar\u0131 motor fan vesaite bir \u00e7ok ikinci el klima par\u00e7as\u0131"},"content":{"rendered":"<p><strong>\u0130kinci el klima al\u0131n\u0131r m\u0131?<\/strong><br \/>\nMontaj\u0131 ve temizli\u011fi ve periyodik bak\u0131mlar\u0131 do\u011fru yap\u0131ld\u0131ktan sonra ikinci el klima kullanman\u0131n herhangi bir zarar\u0131 olmayabilir ancak bak\u0131mlar\u0131n ve temizli\u011finin yap\u0131l\u0131p yap\u0131lmad\u0131\u011f\u0131n\u0131 bilemeyece\u011finiz i\u00e7in bu t\u00fcr bir risk almak mant\u0131ks\u0131z olacakt\u0131r.<\/p>\n<p><strong>Klima d\u0131\u015f \u00fcnite par\u00e7alar\u0131 nelerdir?<\/strong><br \/>\nKlima \u0130\u00e7 Yap\u0131lar\u0131n\u0131 Olu\u015fturan Malzemeler<br \/>\nD\u0131\u015f \u00fcnite, ortam d\u0131\u015f\u0131nda a\u00e7\u0131k havada bulunan par\u00e7ad\u0131r. Bu par\u00e7a kondanser, kondanser fan\u0131, drayerden olu\u015fmu\u015ftur.<\/p>\n","protected":false},"excerpt":{"rendered":"<p>ikinci el klima par\u00e7as\u0131 Mevcut cihaz fiyatlar\u0131 g\u00f6z 2 El Klima motoru Fiyatlar\u0131<br \/>\n2.el klima kompres\u00f6r\u00fc Geli\u015fen teknoloji ile \u00fcretilen bu kompres\u00f6rler \u00e7al\u0131\u015fmak i\u00e7in karma\u015f\u0131k bir s\u00fcr\u00fcc\u00fc devresine ihtiya\u00e7 2.el klima d\u0131\u015f \u00fcnitesi 2.el oto klima kompres\u00f6r\u00fc \u00f6n\u00fcnde bulunduruldu\u011funda klima yedek par\u00e7a fiyatlar\u0131 olduk\u00e7a <\/p>\n","protected":false},"featured_media":507,"template":"","meta":[],"product_brand":[],"product_cat":[30],"product_tag":[],"class_list":{"0":"post-504","1":"product","2":"type-product","3":"status-publish","4":"has-post-thumbnail","6":"product_cat-ikinci-el-beyaz-esya","8":"first","9":"instock","10":"sale","11":"shipping-taxable","12":"purchasable","13":"product-type-simple"},"_links":{"self":[{"href":"https:\/\/trendinguzeli.com\/ikinciel\/wp-json\/wp\/v2\/product\/504","targetHints":{"allow":["GET"]}}],"collection":[{"href":"https:\/\/trendinguzeli.com\/ikinciel\/wp-json\/wp\/v2\/product"}],"about":[{"href":"https:\/\/trendinguzeli.com\/ikinciel\/wp-json\/wp\/v2\/types\/product"}],"wp:featuredmedia":[{"embeddable":true,"href":"https:\/\/trendinguzeli.com\/ikinciel\/wp-json\/wp\/v2\/media\/507"}],"wp:attachment":[{"href":"https:\/\/trendinguzeli.com\/ikinciel\/wp-json\/wp\/v2\/media?parent=504"}],"wp:term":[{"taxonomy":"product_brand","embeddable":true,"href":"https:\/\/trendinguzeli.com\/ikinciel\/wp-json\/wp\/v2\/product_brand?post=504"},{"taxonomy":"product_cat","embeddable":true,"href":"https:\/\/trendinguzeli.com\/ikinciel\/wp-json\/wp\/v2\/product_cat?post=504"},{"taxonomy":"product_tag","embeddable":true,"href":"https:\/\/trendinguzeli.com\/ikinciel\/wp-json\/wp\/v2\/product_tag?post=504"}],"curies":[{"name":"wp","href":"https:\/\/api.w.org\/{rel}","templated":true}]}}