{"id":508,"date":"2024-08-30T10:46:20","date_gmt":"2024-08-30T07:46:20","guid":{"rendered":"https:\/\/trendinguzeli.com\/ikinciel\/?post_type=product&#038;p=508"},"modified":"2024-08-30T10:47:12","modified_gmt":"2024-08-30T07:47:12","slug":"cikma-paslanmaz-krom-hurdasi-paslanmaz-hurdasi-bilgi-almak-ve-hurdalarinizi-satmak-icin","status":"publish","type":"product","link":"https:\/\/trendinguzeli.com\/ikinciel\/urun\/cikma-paslanmaz-krom-hurdasi-paslanmaz-hurdasi-bilgi-almak-ve-hurdalarinizi-satmak-icin\/","title":{"rendered":"\u00c7IKMA PASLANMAZ KROM HURDASI Paslanmaz Hurdas\u0131 bilgi almak ve hurdalar\u0131n\u0131z\u0131 satmak i\u00e7in"},"content":{"rendered":"","protected":false},"excerpt":{"rendered":"<p><strong>\u00c7IKMA PASLANMAZ KROM HURDASI \u00c7IKMA KROM TALA\u015eI<\/strong> Tarihli Hurda Paslanmaz Hurda Bak\u0131r Al\u0131m\u0131 \u2014 Paslanmaz Hurdas\u0131 bilgi almak ve hurdalar\u0131n\u0131z\u0131 satmak i\u00e7in hemen (Krom) Fiyatlar\u0131 ; 304 Kalite Paslanmaz Tala\u015f\u0131, 22.00 TL ; 310 Kalite Hurda Paslanmaz Demir, paslanmaz \u00e7elik, kablo, sar\u0131, elektronik ve krom hurdalar\u0131n\u0131z\u0131 al\u0131yoruz.<\/p>\n","protected":false},"featured_media":509,"template":"","meta":[],"product_brand":[],"product_cat":[15],"product_tag":[],"class_list":{"0":"post-508","1":"product","2":"type-product","3":"status-publish","4":"has-post-thumbnail","6":"product_cat-ikinci-el-esya","8":"first","9":"instock","10":"sale","11":"shipping-taxable","12":"purchasable","13":"product-type-simple"},"_links":{"self":[{"href":"https:\/\/trendinguzeli.com\/ikinciel\/wp-json\/wp\/v2\/product\/508","targetHints":{"allow":["GET"]}}],"collection":[{"href":"https:\/\/trendinguzeli.com\/ikinciel\/wp-json\/wp\/v2\/product"}],"about":[{"href":"https:\/\/trendinguzeli.com\/ikinciel\/wp-json\/wp\/v2\/types\/product"}],"wp:featuredmedia":[{"embeddable":true,"href":"https:\/\/trendinguzeli.com\/ikinciel\/wp-json\/wp\/v2\/media\/509"}],"wp:attachment":[{"href":"https:\/\/trendinguzeli.com\/ikinciel\/wp-json\/wp\/v2\/media?parent=508"}],"wp:term":[{"taxonomy":"product_brand","embeddable":true,"href":"https:\/\/trendinguzeli.com\/ikinciel\/wp-json\/wp\/v2\/product_brand?post=508"},{"taxonomy":"product_cat","embeddable":true,"href":"https:\/\/trendinguzeli.com\/ikinciel\/wp-json\/wp\/v2\/product_cat?post=508"},{"taxonomy":"product_tag","embeddable":true,"href":"https:\/\/trendinguzeli.com\/ikinciel\/wp-json\/wp\/v2\/product_tag?post=508"}],"curies":[{"name":"wp","href":"https:\/\/api.w.org\/{rel}","templated":true}]}}