{"id":512,"date":"2024-09-30T09:53:04","date_gmt":"2024-09-30T06:53:04","guid":{"rendered":"https:\/\/trendinguzeli.com\/ikinciel\/?post_type=product&#038;p=512"},"modified":"2024-09-30T09:53:05","modified_gmt":"2024-09-30T06:53:05","slug":"defolu-cocuk-odasi-mobilyasi-ucretsiz-mobilya-uretiminin-oncu-firmalarindan","status":"publish","type":"product","link":"https:\/\/trendinguzeli.com\/ikinciel\/urun\/defolu-cocuk-odasi-mobilyasi-ucretsiz-mobilya-uretiminin-oncu-firmalarindan\/","title":{"rendered":"Defolu \u00e7ocuk odas\u0131 mobilyas\u0131 \u00fccretsiz Mobilya \u00dcretiminin \u00d6nc\u00fc Firmalar\u0131ndan"},"content":{"rendered":"","protected":false},"excerpt":{"rendered":"<p>defolu \u00e7ocuk odas\u0131 mobilyas\u0131 \u0130kinci el ve s\u0131f\u0131r \u00e7ocuk odas\u0131 Bebek odas\u0131 mobilyas\u0131 hangi malzemeden olmal\u0131? \u00c7ocuk odas\u0131nda yatak nereye konulmal\u0131? estetik \u00e7izgilerin e\u015fsiz tasar\u0131mlarla bulu\u015ftu\u011fu \u0130stikbal Mobilya, avantajl\u0131 taksit se\u00e7enekleri ve \u00fccretsiz Mobilya \u00dcretiminin \u00d6nc\u00fc Firmalar\u0131ndan G\u00fcndo\u011fdu 1993 Y\u0131l\u0131ndan G\u00fcn\u00fcm\u00fcze D\u00fc\u011f\u00fcn Paketi, Yatak odas\u0131 mobilyalar\u0131 nelerdir? Mobilyalar\u0131n\u0131z Bir G\u00fcnde Teslim. Koltuktan Yemek Odas\u0131na, Yatak Odas\u0131ndan&#8230; <strong><a href=\"https:\/\/www.google.com\/search?sca_esv=518c046ebb1e337c&amp;sca_upv=1&amp;rlz=1C1CHZN_trTR1057TR1057&amp;q=Gen%C3%A7+odas%C4%B1+tak%C4%B1m%C4%B1+modelleri&amp;tbm=shop&amp;source=lnms&amp;fbs=AEQNm0BKpCiw9W1hnB1w_0SNMkAbruU9iUfwVZRGvnAzM5bhRsslJlplbBhF1RveHjSSP2jQZvphBb8iuYF2mCxFd1vZK5Xw7JtwpZbTPQKgI0P1t547eP1Rj2uMGmsL8fI508PKhfF8itZ-irLWSfr6mJOgyMsbKvHh6_OOTYE5yuQ_osZDtzVcsgpwzV14YL6CuTwLfqo1bcl5MRFpa7W2K6SkCKFT1KVplftBhcHU_F057QvpRD8&amp;ved=1t:200715&amp;ictx=111&amp;biw=1366&amp;bih=641&amp;dpr=1\">Gen\u00e7 odas\u0131 tak\u0131m\u0131 modelleri<\/a><\/strong> ve fiyatlar\u0131 \u0130stikbal&#8217;de! Birbirinden \u015f\u0131k k\u0131z ve erkek gen\u00e7 odas\u0131 tak\u0131mlar\u0131 farkl\u0131 marka se\u00e7enekleri ve uygun fiyatlarla<\/p>\n","protected":false},"featured_media":515,"template":"","meta":[],"product_brand":[],"product_cat":[32,33],"product_tag":[],"class_list":{"0":"post-512","1":"product","2":"type-product","3":"status-publish","4":"has-post-thumbnail","6":"product_cat-ikinci-el-mobilya","7":"product_cat-spot-defolu-esya","9":"first","10":"instock","11":"sale","12":"shipping-taxable","13":"purchasable","14":"product-type-simple"},"_links":{"self":[{"href":"https:\/\/trendinguzeli.com\/ikinciel\/wp-json\/wp\/v2\/product\/512","targetHints":{"allow":["GET"]}}],"collection":[{"href":"https:\/\/trendinguzeli.com\/ikinciel\/wp-json\/wp\/v2\/product"}],"about":[{"href":"https:\/\/trendinguzeli.com\/ikinciel\/wp-json\/wp\/v2\/types\/product"}],"wp:featuredmedia":[{"embeddable":true,"href":"https:\/\/trendinguzeli.com\/ikinciel\/wp-json\/wp\/v2\/media\/515"}],"wp:attachment":[{"href":"https:\/\/trendinguzeli.com\/ikinciel\/wp-json\/wp\/v2\/media?parent=512"}],"wp:term":[{"taxonomy":"product_brand","embeddable":true,"href":"https:\/\/trendinguzeli.com\/ikinciel\/wp-json\/wp\/v2\/product_brand?post=512"},{"taxonomy":"product_cat","embeddable":true,"href":"https:\/\/trendinguzeli.com\/ikinciel\/wp-json\/wp\/v2\/product_cat?post=512"},{"taxonomy":"product_tag","embeddable":true,"href":"https:\/\/trendinguzeli.com\/ikinciel\/wp-json\/wp\/v2\/product_tag?post=512"}],"curies":[{"name":"wp","href":"https:\/\/api.w.org\/{rel}","templated":true}]}}