{"id":516,"date":"2024-10-05T14:40:24","date_gmt":"2024-10-05T11:40:24","guid":{"rendered":"https:\/\/trendinguzeli.com\/ikinciel\/?post_type=product&#038;p=516"},"modified":"2024-10-05T14:40:24","modified_gmt":"2024-10-05T11:40:24","slug":"ikinci-el-24v-t600-tavan-klimasi-saglam-cikma-klima-minibus-klimasi","status":"publish","type":"product","link":"https:\/\/trendinguzeli.com\/ikinciel\/urun\/ikinci-el-24v-t600-tavan-klimasi-saglam-cikma-klima-minibus-klimasi\/","title":{"rendered":"\u0130kinci el 24V T600 Tavan Klimas\u0131 sa\u011flam \u00e7\u0131kma klima minib\u00fcs klimas\u0131"},"content":{"rendered":"","protected":false},"excerpt":{"rendered":"<p>Tavan Klimas\u0131 sa\u011flam \u00e7\u0131kma klima 8 kW so\u011futma ikinci el minib\u00fcs klimas\u0131 kapasitesine sahip, Karavan Yedek Par\u00e7a \u00dcr\u00fcn Modelleri ; 12 v park klimas\u0131 kep\u00e7e karavan klimas\u0131z ara\u00e7lar i\u00e7in u- bir minib\u00fcs\u00fc h\u0131zl\u0131 \u015fekilde so\u011futabilecek, iki ayr\u0131 \u00fcnite halinde montajlanan bir tavan \u00fcst\u00fc minib\u00fcs klimas\u0131d\u0131r. Coolertech En ucuz karavan klimas\u0131 fiyatlar\u0131 100 farkl\u0131 se\u00e7enekle Akak\u00e7e&#8217;de! 1.255,00 TL&#8217;den ba\u015flayan ara\u00e7 tavan klimas\u0131, 3KW kapasitesiyle ara\u00e7 \u00fcst\u00fc klima, park klimas\u0131 ve t\u0131r park<\/p>\n","protected":false},"featured_media":518,"template":"","meta":[],"product_brand":[],"product_cat":[30],"product_tag":[],"class_list":{"0":"post-516","1":"product","2":"type-product","3":"status-publish","4":"has-post-thumbnail","6":"product_cat-ikinci-el-beyaz-esya","8":"first","9":"instock","10":"sale","11":"shipping-taxable","12":"purchasable","13":"product-type-simple"},"_links":{"self":[{"href":"https:\/\/trendinguzeli.com\/ikinciel\/wp-json\/wp\/v2\/product\/516","targetHints":{"allow":["GET"]}}],"collection":[{"href":"https:\/\/trendinguzeli.com\/ikinciel\/wp-json\/wp\/v2\/product"}],"about":[{"href":"https:\/\/trendinguzeli.com\/ikinciel\/wp-json\/wp\/v2\/types\/product"}],"wp:featuredmedia":[{"embeddable":true,"href":"https:\/\/trendinguzeli.com\/ikinciel\/wp-json\/wp\/v2\/media\/518"}],"wp:attachment":[{"href":"https:\/\/trendinguzeli.com\/ikinciel\/wp-json\/wp\/v2\/media?parent=516"}],"wp:term":[{"taxonomy":"product_brand","embeddable":true,"href":"https:\/\/trendinguzeli.com\/ikinciel\/wp-json\/wp\/v2\/product_brand?post=516"},{"taxonomy":"product_cat","embeddable":true,"href":"https:\/\/trendinguzeli.com\/ikinciel\/wp-json\/wp\/v2\/product_cat?post=516"},{"taxonomy":"product_tag","embeddable":true,"href":"https:\/\/trendinguzeli.com\/ikinciel\/wp-json\/wp\/v2\/product_tag?post=516"}],"curies":[{"name":"wp","href":"https:\/\/api.w.org\/{rel}","templated":true}]}}