{"id":520,"date":"2024-10-10T09:32:57","date_gmt":"2024-10-10T06:32:57","guid":{"rendered":"https:\/\/trendinguzeli.com\/ikinciel\/?post_type=product&#038;p=520"},"modified":"2024-10-10T09:35:58","modified_gmt":"2024-10-10T06:35:58","slug":"cikma-sulama-borulari-tarlaniz-icin-ucuz-cozmser","status":"publish","type":"product","link":"https:\/\/trendinguzeli.com\/ikinciel\/urun\/cikma-sulama-borulari-tarlaniz-icin-ucuz-cozmser\/","title":{"rendered":"\u00c7\u0131kma sulama borular\u0131 tarlan\u0131z i\u00e7in ucuz plastik borular 150 TL"},"content":{"rendered":"<p><img loading=\"lazy\" decoding=\"async\" class=\"aligncenter size-full wp-image-521\" src=\"https:\/\/trendinguzeli.com\/ikinciel\/wp-content\/uploads\/2024\/10\/Cikma-sulama-borulari-2.png\" alt=\"\" width=\"986\" height=\"632\" title=\"\" srcset=\"https:\/\/trendinguzeli.com\/ikinciel\/wp-content\/uploads\/2024\/10\/Cikma-sulama-borulari-2.png 986w, https:\/\/trendinguzeli.com\/ikinciel\/wp-content\/uploads\/2024\/10\/Cikma-sulama-borulari-2-300x192.png 300w, https:\/\/trendinguzeli.com\/ikinciel\/wp-content\/uploads\/2024\/10\/Cikma-sulama-borulari-2-768x492.png 768w, https:\/\/trendinguzeli.com\/ikinciel\/wp-content\/uploads\/2024\/10\/Cikma-sulama-borulari-2-600x385.png 600w\" sizes=\"auto, (max-width: 986px) 100vw, 986px\" \/><\/p>\n<p><strong><a href=\"https:\/\/tr.wikipedia.org\/wiki\/Sulama\" target=\"_blank\" rel=\"noopener\">Sulama borusu<\/a><\/strong>, tar\u0131m alanlar\u0131nda kullan\u0131lan sulama sistemlerinde suyun ta\u015f\u0131nmas\u0131n\u0131 ve da\u011f\u0131t\u0131lmas\u0131n\u0131 sa\u011flayan bir boru t\u00fcr\u00fcd\u00fcr. Bu borular genellikle PVC (polivinil klor\u00fcr) veya polietilen gibi malzemelerden yap\u0131l\u0131r. Sulama borusu, sulama i\u015flemi s\u0131ras\u0131nda suyun tar\u0131m arazisine y\u00f6nlendirilmesi i\u00e7in kullan\u0131l\u0131r.<\/p>\n","protected":false},"excerpt":{"rendered":"<p><strong>\u00c7\u0131kma sulama borular\u0131 T\u00fcrkiye&#8217;nin<\/strong> \u0130lk ve Tek Hortum Marketi. Hortumun t\u00fcm \u00e7e\u015fitleri. Hizmetler: Hidrolik Hortumlar, Pvc Sulama borular\u0131 G\u00f6ktepe 16mm Deliksiz D\u00fcz Damla Fiyatlar\u0131 sahibinden<br \/>\n2.el 75 lik sulama borusu Damlama sulama borusu \u00e7\u0131k\u0131\u015f nipeli ile ana hat borusundan <strong>lateral hat<\/strong> \u00e7\u0131k\u0131\u015f\u0131 i\u00e7in <strong>75lik arili Sulama borusu Fiyatlar\u0131<\/strong> sahibinden Sulama Borusu 1,0 mm 400 Mt. 1.839,90 TL ; Spagetti ikinci el ve s\u0131f\u0131r sat\u0131l\u0131k Bas\u0131n\u00e7l\u0131 su hortumu \u2014 Kalite i\u00e7in Tar\u0131msal sulama borular\u0131.Her \u00e7ap \u00f6l\u00e7\u00fcde bah\u00e7e sulama<\/p>\n","protected":false},"featured_media":522,"template":"","meta":[],"product_brand":[],"product_cat":[15,31],"product_tag":[],"class_list":{"0":"post-520","1":"product","2":"type-product","3":"status-publish","4":"has-post-thumbnail","6":"product_cat-ikinci-el-esya","7":"product_cat-ikinci-el-is-makineleri","9":"first","10":"instock","11":"sale","12":"shipping-taxable","13":"purchasable","14":"product-type-simple"},"_links":{"self":[{"href":"https:\/\/trendinguzeli.com\/ikinciel\/wp-json\/wp\/v2\/product\/520","targetHints":{"allow":["GET"]}}],"collection":[{"href":"https:\/\/trendinguzeli.com\/ikinciel\/wp-json\/wp\/v2\/product"}],"about":[{"href":"https:\/\/trendinguzeli.com\/ikinciel\/wp-json\/wp\/v2\/types\/product"}],"wp:featuredmedia":[{"embeddable":true,"href":"https:\/\/trendinguzeli.com\/ikinciel\/wp-json\/wp\/v2\/media\/522"}],"wp:attachment":[{"href":"https:\/\/trendinguzeli.com\/ikinciel\/wp-json\/wp\/v2\/media?parent=520"}],"wp:term":[{"taxonomy":"product_brand","embeddable":true,"href":"https:\/\/trendinguzeli.com\/ikinciel\/wp-json\/wp\/v2\/product_brand?post=520"},{"taxonomy":"product_cat","embeddable":true,"href":"https:\/\/trendinguzeli.com\/ikinciel\/wp-json\/wp\/v2\/product_cat?post=520"},{"taxonomy":"product_tag","embeddable":true,"href":"https:\/\/trendinguzeli.com\/ikinciel\/wp-json\/wp\/v2\/product_tag?post=520"}],"curies":[{"name":"wp","href":"https:\/\/api.w.org\/{rel}","templated":true}]}}