{"id":524,"date":"2024-10-15T09:22:20","date_gmt":"2024-10-15T06:22:20","guid":{"rendered":"https:\/\/trendinguzeli.com\/ikinciel\/?post_type=product&#038;p=524"},"modified":"2024-10-15T09:23:29","modified_gmt":"2024-10-15T06:23:29","slug":"cikma-sulama-vanalari-buyuk-ebat-vana-ikinci-el-sifir-ayarinda-vanalar","status":"publish","type":"product","link":"https:\/\/trendinguzeli.com\/ikinciel\/urun\/cikma-sulama-vanalari-buyuk-ebat-vana-ikinci-el-sifir-ayarinda-vanalar\/","title":{"rendered":"\u00c7\u0131kma sulama vanalar\u0131 b\u00fcy\u00fck ebat vana ikinci el s\u0131f\u0131r ayar\u0131nda vanalar"},"content":{"rendered":"<p><img loading=\"lazy\" decoding=\"async\" class=\"aligncenter size-full wp-image-526\" src=\"https:\/\/trendinguzeli.com\/ikinciel\/wp-content\/uploads\/2024\/10\/Cikma-sulama-vanalari-buyuk-ebat-vana-1.png\" alt=\"\" width=\"984\" height=\"624\" title=\"\" srcset=\"https:\/\/trendinguzeli.com\/ikinciel\/wp-content\/uploads\/2024\/10\/Cikma-sulama-vanalari-buyuk-ebat-vana-1.png 984w, https:\/\/trendinguzeli.com\/ikinciel\/wp-content\/uploads\/2024\/10\/Cikma-sulama-vanalari-buyuk-ebat-vana-1-300x190.png 300w, https:\/\/trendinguzeli.com\/ikinciel\/wp-content\/uploads\/2024\/10\/Cikma-sulama-vanalari-buyuk-ebat-vana-1-768x487.png 768w, https:\/\/trendinguzeli.com\/ikinciel\/wp-content\/uploads\/2024\/10\/Cikma-sulama-vanalari-buyuk-ebat-vana-1-600x380.png 600w\" sizes=\"auto, (max-width: 984px) 100vw, 984px\" \/><\/p>\n","protected":false},"excerpt":{"rendered":"<p><strong>\u00c7\u0131kma sulama vanalar\u0131 b\u00fcy\u00fck ebat vana S\u0131hhi Tesisat \u00c7\u0131kma Vana<\/strong> \u00c7e\u015fitleri ve ikinci el Vana \u00c7e\u015fitleri karamano\u011flu \u0131s\u0131tma sistemlerinde. En uygun Vana \u00c7e\u015fitleri fiyatlar\u0131 2.el ya\u011fmurlama sulama boru ve ek par\u00e7alar\u0131 <strong>ikinci el vana<\/strong> KABLO MDPE-HDPE XLPE POLYETHYLENE Vana ; K\u00fcresel vana s\u0131f\u0131r. prc Ekonomik Plastik 32&#8217;lik Pvc Su Vanas\u0131 Musluk Di\u015fsiz A\u00e7 Kapa Boru Kaynak \u0130stanbul, Silivri Vana kutusu \u00e7e\u015fitleri su ve gaz sistemlerinizi korur. &#x1f6e0;&#xfe0f; Uygun fiyatlarla hemen sat\u0131n al\u0131n, g\u00fcvenli ve Ayn\u0131 zamanda bir glob ( kar\u0131nl\u0131 ) vana ufak bir dizayn de\u011fi\u015fikli\u011fi ile \u00e7ek valf veya bir ak- t\u00fcat\u00f6r ba\u011flant\u0131s\u0131<\/p>\n","protected":false},"featured_media":525,"template":"","meta":[],"product_brand":[],"product_cat":[31,15],"product_tag":[],"class_list":{"0":"post-524","1":"product","2":"type-product","3":"status-publish","4":"has-post-thumbnail","6":"product_cat-ikinci-el-is-makineleri","7":"product_cat-ikinci-el-esya","9":"first","10":"instock","11":"sale","12":"shipping-taxable","13":"purchasable","14":"product-type-simple"},"_links":{"self":[{"href":"https:\/\/trendinguzeli.com\/ikinciel\/wp-json\/wp\/v2\/product\/524","targetHints":{"allow":["GET"]}}],"collection":[{"href":"https:\/\/trendinguzeli.com\/ikinciel\/wp-json\/wp\/v2\/product"}],"about":[{"href":"https:\/\/trendinguzeli.com\/ikinciel\/wp-json\/wp\/v2\/types\/product"}],"wp:featuredmedia":[{"embeddable":true,"href":"https:\/\/trendinguzeli.com\/ikinciel\/wp-json\/wp\/v2\/media\/525"}],"wp:attachment":[{"href":"https:\/\/trendinguzeli.com\/ikinciel\/wp-json\/wp\/v2\/media?parent=524"}],"wp:term":[{"taxonomy":"product_brand","embeddable":true,"href":"https:\/\/trendinguzeli.com\/ikinciel\/wp-json\/wp\/v2\/product_brand?post=524"},{"taxonomy":"product_cat","embeddable":true,"href":"https:\/\/trendinguzeli.com\/ikinciel\/wp-json\/wp\/v2\/product_cat?post=524"},{"taxonomy":"product_tag","embeddable":true,"href":"https:\/\/trendinguzeli.com\/ikinciel\/wp-json\/wp\/v2\/product_tag?post=524"}],"curies":[{"name":"wp","href":"https:\/\/api.w.org\/{rel}","templated":true}]}}