{"id":528,"date":"2024-10-19T14:54:35","date_gmt":"2024-10-19T11:54:35","guid":{"rendered":"https:\/\/trendinguzeli.com\/ikinciel\/?post_type=product&#038;p=528"},"modified":"2024-10-19T14:54:35","modified_gmt":"2024-10-19T11:54:35","slug":"surgulu-demir-kapi-bir-kac-model-saglam-cikma-surgulu-demir-kapilar","status":"publish","type":"product","link":"https:\/\/trendinguzeli.com\/ikinciel\/urun\/surgulu-demir-kapi-bir-kac-model-saglam-cikma-surgulu-demir-kapilar\/","title":{"rendered":"S\u00dcRG\u00dcL\u00dc DEM\u0130R KAPI B\u0130R KA\u00c7 MODEL SA\u011eLAM \u00c7IKMA S\u00dcRG\u00dcL\u00dc DEM\u0130R KAPILAR"},"content":{"rendered":"<p><img loading=\"lazy\" decoding=\"async\" class=\"aligncenter size-full wp-image-531\" src=\"https:\/\/trendinguzeli.com\/ikinciel\/wp-content\/uploads\/2024\/10\/CIKMA-SURGULU-DEMIR-KAPILAR-2.png\" alt=\"\" width=\"692\" height=\"622\" title=\"\" srcset=\"https:\/\/trendinguzeli.com\/ikinciel\/wp-content\/uploads\/2024\/10\/CIKMA-SURGULU-DEMIR-KAPILAR-2.png 692w, https:\/\/trendinguzeli.com\/ikinciel\/wp-content\/uploads\/2024\/10\/CIKMA-SURGULU-DEMIR-KAPILAR-2-300x270.png 300w, https:\/\/trendinguzeli.com\/ikinciel\/wp-content\/uploads\/2024\/10\/CIKMA-SURGULU-DEMIR-KAPILAR-2-600x539.png 600w\" sizes=\"auto, (max-width: 692px) 100vw, 692px\" \/><\/p>\n","protected":false},"excerpt":{"rendered":"<p><strong>\u00c7IKMA S\u00dcRG\u00dcL\u00dc DEM\u0130R KAPILAR Demir do\u011frama<\/strong> , kaynak , ferforje Dekorasyon &gt; Kap\u0131 S\u00fcrg\u00fcl\u00fc bah\u00e7e demir kap\u0131 modellerimizde firmam\u0131zda sat\u0131\u015fa sunulmu\u015ftur. \u0130ste\u011finize g\u00f6re AMER\u0130KAN BEYAZ CAMSIZ KASA ILE BIRLIKTE PANEL KAPI. 1.599 TL. \u00c7anakkale, Merkez kinci el demir kap\u0131 \u00fcr\u00fcnlerinde rakip firmalar aras\u0131nda 2.el al\u0131m ve sat\u0131m i\u015flemlerinde en uygun A<strong>Z KULLANILMI\u015e DEM\u0130R KAPI.<\/strong> korkuluk , demir kap\u0131 vb. i\u015fleriniz yap\u0131l\u0131r. \u015eimdi bizden teklif al\u0131n en iyisini en uyguna elde edin Demir S\u00fcrg\u00fcl\u00fc kap\u0131 \u00f6l\u00e7\u00fcye Demir S\u00fcrg\u00fcl\u00fc kap\u0131 \u00f6l\u00e7\u00fcye g\u00f6re Ah\u015fap, \u00e7elik \u0130kinci el Demir kap\u0131.<\/p>\n","protected":false},"featured_media":529,"template":"","meta":[],"product_brand":[],"product_cat":[15],"product_tag":[],"class_list":{"0":"post-528","1":"product","2":"type-product","3":"status-publish","4":"has-post-thumbnail","6":"product_cat-ikinci-el-esya","8":"first","9":"instock","10":"sale","11":"shipping-taxable","12":"purchasable","13":"product-type-simple"},"_links":{"self":[{"href":"https:\/\/trendinguzeli.com\/ikinciel\/wp-json\/wp\/v2\/product\/528","targetHints":{"allow":["GET"]}}],"collection":[{"href":"https:\/\/trendinguzeli.com\/ikinciel\/wp-json\/wp\/v2\/product"}],"about":[{"href":"https:\/\/trendinguzeli.com\/ikinciel\/wp-json\/wp\/v2\/types\/product"}],"wp:featuredmedia":[{"embeddable":true,"href":"https:\/\/trendinguzeli.com\/ikinciel\/wp-json\/wp\/v2\/media\/529"}],"wp:attachment":[{"href":"https:\/\/trendinguzeli.com\/ikinciel\/wp-json\/wp\/v2\/media?parent=528"}],"wp:term":[{"taxonomy":"product_brand","embeddable":true,"href":"https:\/\/trendinguzeli.com\/ikinciel\/wp-json\/wp\/v2\/product_brand?post=528"},{"taxonomy":"product_cat","embeddable":true,"href":"https:\/\/trendinguzeli.com\/ikinciel\/wp-json\/wp\/v2\/product_cat?post=528"},{"taxonomy":"product_tag","embeddable":true,"href":"https:\/\/trendinguzeli.com\/ikinciel\/wp-json\/wp\/v2\/product_tag?post=528"}],"curies":[{"name":"wp","href":"https:\/\/api.w.org\/{rel}","templated":true}]}}