{"id":532,"date":"2024-10-23T10:04:21","date_gmt":"2024-10-23T07:04:21","guid":{"rendered":"https:\/\/trendinguzeli.com\/ikinciel\/?post_type=product&#038;p=532"},"modified":"2024-10-23T10:04:21","modified_gmt":"2024-10-23T07:04:21","slug":"cikma-mutfak-dolabi-ve-mermeri-saglam-durumda-sokulmus-vaziyette","status":"publish","type":"product","link":"https:\/\/trendinguzeli.com\/ikinciel\/urun\/cikma-mutfak-dolabi-ve-mermeri-saglam-durumda-sokulmus-vaziyette\/","title":{"rendered":"\u00c7\u0131kma mutfak dolab\u0131 ve mermeri sa\u011flam durumda s\u00f6k\u00fclm\u00fc\u015f vaziyette"},"content":{"rendered":"<p><img loading=\"lazy\" decoding=\"async\" class=\"aligncenter size-full wp-image-535\" src=\"https:\/\/trendinguzeli.com\/ikinciel\/wp-content\/uploads\/2024\/10\/Cikma-mutfak-dolabi-ve-mermeri-2.png\" alt=\"\" width=\"983\" height=\"623\" title=\"\" srcset=\"https:\/\/trendinguzeli.com\/ikinciel\/wp-content\/uploads\/2024\/10\/Cikma-mutfak-dolabi-ve-mermeri-2.png 983w, https:\/\/trendinguzeli.com\/ikinciel\/wp-content\/uploads\/2024\/10\/Cikma-mutfak-dolabi-ve-mermeri-2-300x190.png 300w, https:\/\/trendinguzeli.com\/ikinciel\/wp-content\/uploads\/2024\/10\/Cikma-mutfak-dolabi-ve-mermeri-2-768x487.png 768w, https:\/\/trendinguzeli.com\/ikinciel\/wp-content\/uploads\/2024\/10\/Cikma-mutfak-dolabi-ve-mermeri-2-600x380.png 600w\" sizes=\"auto, (max-width: 983px) 100vw, 983px\" \/><\/p>\n","protected":false},"excerpt":{"rendered":"<p><strong>\u00c7\u0131kma mutfak dolab\u0131 ve mermeri<\/strong> Mutfak Mobilyas\u0131 Modelleri &amp; Fiyatlar\u0131 ; Acil sat\u0131l\u0131k mutfak dolab\u0131 ve mermer. 20.000 TL ; mutfak dolabi tezgah yeni say\u0131l\u0131r. satl\u0131k mutfak dolabi mermer dahil gizleyebilir hem de ekstra saklama alan\u0131ndan yararlanabilirsiniz. yaklasik 13\/14 m2.<\/p>\n<p><strong><a href=\"https:\/\/www.google.com\/search?q=Mutfak+dolab%C4%B1+ne+kadar+tutar+2024%3F&amp;rlz=1C1CHZN_trTR1057TR1057&amp;oq=Mutfak+dolab%C4%B1+ne+kadar+tutar+2024%3F&amp;gs_lcrp=EgZjaHJvbWUyBggAEEUYOTIICAEQABgWGB4yCggCEAAYgAQYogQyCggDEAAYgAQYogQyCggEEAAYogQYiQUyCggFEAAYgAQYogQyCggGEAAYgAQYogTSAQc3NjVqMGo5qAIAsAIB&amp;sourceid=chrome&amp;ie=UTF-8\">Mutfak dolab\u0131 ne kadar tutar 2024?<\/a><\/strong><br \/>\nOrtalama Mutfak Dolab\u0131 Maliyeti ve Fiyatlar\u0131 2024<br \/>\n2024 y\u0131l\u0131nda ortalama mutfak dolab\u0131 maliyeti m\u00b2&#8217;si 4750 TL&#8217;den ba\u015flay\u0131p, istenilen malzeme cinsine g\u00f6re artmaktad\u0131r. Ancak anahtar teslim mutfak projesi yapt\u0131rmak istiyorsan\u0131z, bunun i\u00e7in sabit bir fiyat vermek m\u00fcmk\u00fcn de\u011fildir.<\/p>\n","protected":false},"featured_media":533,"template":"","meta":[],"product_brand":[],"product_cat":[32],"product_tag":[],"class_list":{"0":"post-532","1":"product","2":"type-product","3":"status-publish","4":"has-post-thumbnail","6":"product_cat-ikinci-el-mobilya","8":"first","9":"instock","10":"sale","11":"shipping-taxable","12":"purchasable","13":"product-type-simple"},"_links":{"self":[{"href":"https:\/\/trendinguzeli.com\/ikinciel\/wp-json\/wp\/v2\/product\/532","targetHints":{"allow":["GET"]}}],"collection":[{"href":"https:\/\/trendinguzeli.com\/ikinciel\/wp-json\/wp\/v2\/product"}],"about":[{"href":"https:\/\/trendinguzeli.com\/ikinciel\/wp-json\/wp\/v2\/types\/product"}],"wp:featuredmedia":[{"embeddable":true,"href":"https:\/\/trendinguzeli.com\/ikinciel\/wp-json\/wp\/v2\/media\/533"}],"wp:attachment":[{"href":"https:\/\/trendinguzeli.com\/ikinciel\/wp-json\/wp\/v2\/media?parent=532"}],"wp:term":[{"taxonomy":"product_brand","embeddable":true,"href":"https:\/\/trendinguzeli.com\/ikinciel\/wp-json\/wp\/v2\/product_brand?post=532"},{"taxonomy":"product_cat","embeddable":true,"href":"https:\/\/trendinguzeli.com\/ikinciel\/wp-json\/wp\/v2\/product_cat?post=532"},{"taxonomy":"product_tag","embeddable":true,"href":"https:\/\/trendinguzeli.com\/ikinciel\/wp-json\/wp\/v2\/product_tag?post=532"}],"curies":[{"name":"wp","href":"https:\/\/api.w.org\/{rel}","templated":true}]}}