{"id":537,"date":"2024-12-26T09:14:55","date_gmt":"2024-12-26T06:14:55","guid":{"rendered":"https:\/\/trendinguzeli.com\/ikinciel\/?post_type=product&#038;p=537"},"modified":"2024-12-26T09:14:55","modified_gmt":"2024-12-26T06:14:55","slug":"sifir-aluminyum-ve-kupeste-ucuz-fiyata-cikma-sifir-aluminyum-ve-kupeste","status":"publish","type":"product","link":"https:\/\/trendinguzeli.com\/ikinciel\/urun\/sifir-aluminyum-ve-kupeste-ucuz-fiyata-cikma-sifir-aluminyum-ve-kupeste\/","title":{"rendered":"S\u0131f\u0131r aluminyum ve k\u00fcpe\u015fte ucuz fiyata \u00e7\u0131kma s\u0131f\u0131r aluminyum ve k\u00fcpe\u015fte"},"content":{"rendered":"<p><img loading=\"lazy\" decoding=\"async\" class=\"aligncenter size-full wp-image-540\" src=\"https:\/\/trendinguzeli.com\/ikinciel\/wp-content\/uploads\/2024\/12\/aluminyum-ve-kupeste-1.png\" alt=\"\" width=\"953\" height=\"625\" title=\"\" srcset=\"https:\/\/trendinguzeli.com\/ikinciel\/wp-content\/uploads\/2024\/12\/aluminyum-ve-kupeste-1.png 953w, https:\/\/trendinguzeli.com\/ikinciel\/wp-content\/uploads\/2024\/12\/aluminyum-ve-kupeste-1-300x197.png 300w, https:\/\/trendinguzeli.com\/ikinciel\/wp-content\/uploads\/2024\/12\/aluminyum-ve-kupeste-1-768x504.png 768w, https:\/\/trendinguzeli.com\/ikinciel\/wp-content\/uploads\/2024\/12\/aluminyum-ve-kupeste-1-600x393.png 600w\" sizes=\"auto, (max-width: 953px) 100vw, 953px\" \/><\/p>\n","protected":false},"excerpt":{"rendered":"<p>aluminyum ve k\u00fcpe\u015fte T\u00fcm Al\u00fcminyum D\u0131\u015f Cephe \u0130\u015fleriniz \u0130\u00e7in Bizi Kaliteli: M\u00fc\u015fterilerin onayl\u0131 yorumlar\u0131na bak ve garantimizden faydalan, g\u00fcvenle karar ver. Kolay: Tercih Edebilirsiniz . 2005 den Bu Yana Siz De\u011ferli M\u00fc\u015fterilerimize Hizmet Vermekteyiz \u0130kinci el ve s\u0131f\u0131r Aluminyum Korkuluk \u00e7e\u015fitlerini g\u00fcvenilir makine sat\u0131c\u0131lar\u0131ndan ve sahibinden uygun<\/p>\n","protected":false},"featured_media":539,"template":"","meta":[],"product_brand":[],"product_cat":[15],"product_tag":[],"class_list":{"0":"post-537","1":"product","2":"type-product","3":"status-publish","4":"has-post-thumbnail","6":"product_cat-ikinci-el-esya","8":"first","9":"instock","10":"sale","11":"shipping-taxable","12":"purchasable","13":"product-type-simple"},"_links":{"self":[{"href":"https:\/\/trendinguzeli.com\/ikinciel\/wp-json\/wp\/v2\/product\/537","targetHints":{"allow":["GET"]}}],"collection":[{"href":"https:\/\/trendinguzeli.com\/ikinciel\/wp-json\/wp\/v2\/product"}],"about":[{"href":"https:\/\/trendinguzeli.com\/ikinciel\/wp-json\/wp\/v2\/types\/product"}],"wp:featuredmedia":[{"embeddable":true,"href":"https:\/\/trendinguzeli.com\/ikinciel\/wp-json\/wp\/v2\/media\/539"}],"wp:attachment":[{"href":"https:\/\/trendinguzeli.com\/ikinciel\/wp-json\/wp\/v2\/media?parent=537"}],"wp:term":[{"taxonomy":"product_brand","embeddable":true,"href":"https:\/\/trendinguzeli.com\/ikinciel\/wp-json\/wp\/v2\/product_brand?post=537"},{"taxonomy":"product_cat","embeddable":true,"href":"https:\/\/trendinguzeli.com\/ikinciel\/wp-json\/wp\/v2\/product_cat?post=537"},{"taxonomy":"product_tag","embeddable":true,"href":"https:\/\/trendinguzeli.com\/ikinciel\/wp-json\/wp\/v2\/product_tag?post=537"}],"curies":[{"name":"wp","href":"https:\/\/api.w.org\/{rel}","templated":true}]}}