{"id":564,"date":"2025-12-17T08:57:35","date_gmt":"2025-12-17T05:57:35","guid":{"rendered":"https:\/\/trendinguzeli.com\/ikinciel\/?post_type=product&#038;p=564"},"modified":"2025-12-17T08:57:35","modified_gmt":"2025-12-17T05:57:35","slug":"2-el-kanatli-villa-tipi-celik-kapi-saglam-kasasiyla-birlikte-satiliktir","status":"publish","type":"product","link":"https:\/\/trendinguzeli.com\/ikinciel\/urun\/2-el-kanatli-villa-tipi-celik-kapi-saglam-kasasiyla-birlikte-satiliktir\/","title":{"rendered":"2.el kanatl\u0131 villa tipi \u00e7elik kap\u0131 sa\u011flam kasas\u0131yla birlikte sat\u0131l\u0131kt\u0131r"},"content":{"rendered":"<p>\u00c7elik kap\u0131 anahtarlar \u00fczerinde ufak tefek \u00e7izikler var ezik yada k\u0131r\u0131k yok d\u0131\u015f cephesi Alikobat kapl\u0131 yan taraf\u0131n cam\u0131 yok k\u00f6y evine ba\u011f evine villadan s\u00f6k\u00fcld\u00fc 3 adet Kilid mevcud.<\/p>\n<p><img loading=\"lazy\" decoding=\"async\" src=\"https:\/\/trendinguzeli.com\/ikinciel\/wp-content\/uploads\/2025\/12\/2.el-kanatli-villa-tipi-celik-kapi-3.png\" alt=\"\" width=\"1135\" height=\"919\" class=\"aligncenter size-full wp-image-567\" title=\"\" srcset=\"https:\/\/trendinguzeli.com\/ikinciel\/wp-content\/uploads\/2025\/12\/2.el-kanatli-villa-tipi-celik-kapi-3.png 1135w, https:\/\/trendinguzeli.com\/ikinciel\/wp-content\/uploads\/2025\/12\/2.el-kanatli-villa-tipi-celik-kapi-3-300x243.png 300w, https:\/\/trendinguzeli.com\/ikinciel\/wp-content\/uploads\/2025\/12\/2.el-kanatli-villa-tipi-celik-kapi-3-1024x829.png 1024w, https:\/\/trendinguzeli.com\/ikinciel\/wp-content\/uploads\/2025\/12\/2.el-kanatli-villa-tipi-celik-kapi-3-768x622.png 768w, https:\/\/trendinguzeli.com\/ikinciel\/wp-content\/uploads\/2025\/12\/2.el-kanatli-villa-tipi-celik-kapi-3-600x486.png 600w\" sizes=\"auto, (max-width: 1135px) 100vw, 1135px\" \/><\/p>\n","protected":false},"excerpt":{"rendered":"<p>SA\u011eA A\u00c7ILIR AYARLI KASA TEM\u0130Z \u0130K\u0130NC\u0130 EL \u00c7EL\u0130K KAPI. Bu makalede, ikinci el \u00e7elik kap\u0131 ikinci \u00e7elik kap\u0131 pencere al\u0131m sat\u0131m\u0131 Konusunda hizmet sunmaktad\u0131r. \u0130kinci El \u00c7elik Kap\u0131lar. \u0130kinci El \u00c7elik Kap\u0131lar. \u0130kinci El \u00c7elik Kap\u0131lar fiyatlar\u0131 ve bu kap\u0131lar\u0131 sat\u0131n al\u0131rken dikkat edilmesi gereken hususlar hakk\u0131nda bilgi verece\u011fiz. Eftal \u00c7elik Kap\u0131 olarak 2.900 TL. Ankara, Mamak \u00b7 SA\u011eA A\u00c7ILIR TEM\u0130Z \u0130K\u0130NC\u0130 EL \u00c7EL\u0130K KAPI  <\/p>\n","protected":false},"featured_media":565,"template":"","meta":[],"product_brand":[],"product_cat":[15],"product_tag":[],"class_list":{"0":"post-564","1":"product","2":"type-product","3":"status-publish","4":"has-post-thumbnail","6":"product_cat-ikinci-el-esya","8":"first","9":"instock","10":"shipping-taxable","11":"product-type-simple"},"_links":{"self":[{"href":"https:\/\/trendinguzeli.com\/ikinciel\/wp-json\/wp\/v2\/product\/564","targetHints":{"allow":["GET"]}}],"collection":[{"href":"https:\/\/trendinguzeli.com\/ikinciel\/wp-json\/wp\/v2\/product"}],"about":[{"href":"https:\/\/trendinguzeli.com\/ikinciel\/wp-json\/wp\/v2\/types\/product"}],"wp:featuredmedia":[{"embeddable":true,"href":"https:\/\/trendinguzeli.com\/ikinciel\/wp-json\/wp\/v2\/media\/565"}],"wp:attachment":[{"href":"https:\/\/trendinguzeli.com\/ikinciel\/wp-json\/wp\/v2\/media?parent=564"}],"wp:term":[{"taxonomy":"product_brand","embeddable":true,"href":"https:\/\/trendinguzeli.com\/ikinciel\/wp-json\/wp\/v2\/product_brand?post=564"},{"taxonomy":"product_cat","embeddable":true,"href":"https:\/\/trendinguzeli.com\/ikinciel\/wp-json\/wp\/v2\/product_cat?post=564"},{"taxonomy":"product_tag","embeddable":true,"href":"https:\/\/trendinguzeli.com\/ikinciel\/wp-json\/wp\/v2\/product_tag?post=564"}],"curies":[{"name":"wp","href":"https:\/\/api.w.org\/{rel}","templated":true}]}}