{"id":569,"date":"2025-12-25T09:27:57","date_gmt":"2025-12-25T06:27:57","guid":{"rendered":"https:\/\/trendinguzeli.com\/ikinciel\/?post_type=product&#038;p=569"},"modified":"2025-12-25T09:27:57","modified_gmt":"2025-12-25T06:27:57","slug":"cikma-lake-kapi-2-adet-saglam-tertemiz-ikinci-el-lake-kapilar","status":"publish","type":"product","link":"https:\/\/trendinguzeli.com\/ikinciel\/urun\/cikma-lake-kapi-2-adet-saglam-tertemiz-ikinci-el-lake-kapilar\/","title":{"rendered":"\u00c7\u0131kma lake kap\u0131 2 adet sa\u011flam tertemiz ikinci el lake kap\u0131lar"},"content":{"rendered":"<p>Kaliteli lake kap\u0131 nas\u0131l anla\u015f\u0131l\u0131r?<br \/>\nKaliteli bir lake kaplamada, p\u00fcr\u00fczs\u00fcz bir y\u00fczey, homojen bir renk ve parlakl\u0131k g\u00f6zlenmelidir. Kalitesiz bir lake kaplama genellikle kabarc\u0131klar, soyulma veya renk solmalar\u0131 gibi sorunlarla sonu\u00e7lanabilir. Kap\u0131n\u0131n \u0130\u015f\u00e7ilik Kalitesi: Lake kap\u0131lar\u0131n \u00fcretimindeki i\u015f\u00e7ilik kalitesi, kap\u0131n\u0131n genel kalitesini belirler.<\/p>\n","protected":false},"excerpt":{"rendered":"<p>\u00c7\u0131kma lake kap\u0131 FABR\u0130KADAN YANGIN KAPISI,YANGIN \u00c7IKI\u015e KAPISI,\u0130kinci el Amerikan kap\u0131, panel kap\u0131, ah\u015fap kap\u0131lar, \u00e7\u0131kma ah\u015fap kap\u0131 modelleri. Caml\u0131 Amerikan Kap\u0131 Amerikan Panel Kap\u0131 \u0130kinci El Caml\u0131 Ah\u015fap Kap\u0131 AC\u0130L \u00c7IKI\u015e KAPISI. 5.000 TL. \u0130stanbul, Esenler ; HAZIR BANYO-WC KAPISI KAL\u0130TEL\u0130 <\/p>\n","protected":false},"featured_media":570,"template":"","meta":[],"product_brand":[],"product_cat":[32],"product_tag":[],"class_list":{"0":"post-569","1":"product","2":"type-product","3":"status-publish","4":"has-post-thumbnail","6":"product_cat-ikinci-el-mobilya","8":"first","9":"instock","10":"sale","11":"shipping-taxable","12":"purchasable","13":"product-type-simple"},"_links":{"self":[{"href":"https:\/\/trendinguzeli.com\/ikinciel\/wp-json\/wp\/v2\/product\/569","targetHints":{"allow":["GET"]}}],"collection":[{"href":"https:\/\/trendinguzeli.com\/ikinciel\/wp-json\/wp\/v2\/product"}],"about":[{"href":"https:\/\/trendinguzeli.com\/ikinciel\/wp-json\/wp\/v2\/types\/product"}],"wp:featuredmedia":[{"embeddable":true,"href":"https:\/\/trendinguzeli.com\/ikinciel\/wp-json\/wp\/v2\/media\/570"}],"wp:attachment":[{"href":"https:\/\/trendinguzeli.com\/ikinciel\/wp-json\/wp\/v2\/media?parent=569"}],"wp:term":[{"taxonomy":"product_brand","embeddable":true,"href":"https:\/\/trendinguzeli.com\/ikinciel\/wp-json\/wp\/v2\/product_brand?post=569"},{"taxonomy":"product_cat","embeddable":true,"href":"https:\/\/trendinguzeli.com\/ikinciel\/wp-json\/wp\/v2\/product_cat?post=569"},{"taxonomy":"product_tag","embeddable":true,"href":"https:\/\/trendinguzeli.com\/ikinciel\/wp-json\/wp\/v2\/product_tag?post=569"}],"curies":[{"name":"wp","href":"https:\/\/api.w.org\/{rel}","templated":true}]}}